{"id":863,"date":"2026-05-12T16:52:29","date_gmt":"2026-05-12T14:52:29","guid":{"rendered":"https:\/\/virage.beer\/total\/?post_type=product&#038;p=863"},"modified":"2026-05-12T16:53:22","modified_gmt":"2026-05-12T14:53:22","slug":"pinot-noir-cuvee-argile-de-la-cave-du-rouge-gorge","status":"publish","type":"product","link":"https:\/\/virage.beer\/total\/produit\/pinot-noir-cuvee-argile-de-la-cave-du-rouge-gorge\/","title":{"rendered":"Pinot noir cuv\u00e9e argile de la Cave du Rouge-Gorge"},"content":{"rendered":"<p><b>Pinot noir cuv\u00e9e argile<\/b><\/p>\n<p><b>Vin de Pays romand 75cl.<\/b><\/p>\n<p><b>en cours de fin de stock pour le 2024.<\/b><\/p>\n<p><b>lLa suite arrive avec un mill\u00e9sime 2025 l\u00e9ger et fruit\u00e9, parcelle Butte nord \u00e0 Gy.<\/b><\/p>\n<p><b>Egrapp\u00e9 \u00e0 la min et \u00e9lev\u00e9 en cuves argiles pendant min 8 mois.<\/b><\/p>\n<p><b>Production 500 litres. Le coups de coeur de la cave.<\/b><\/p>\n","protected":false},"excerpt":{"rendered":"<p>13% vol. alc.<\/p>\n<p>75cl<\/p>\n<p>Bouteille consign\u00e9e &#8211; 50cts int\u00e9gr\u00e9s dans le prix<\/p>\n","protected":false},"featured_media":864,"template":"","meta":[],"product_brand":[],"product_cat":[15],"product_tag":[],"class_list":{"0":"post-863","1":"product","2":"type-product","3":"status-publish","4":"has-post-thumbnail","6":"product_cat-non-classe","8":"first","9":"instock","10":"shipping-taxable","11":"purchasable","12":"product-type-simple"},"_links":{"self":[{"href":"https:\/\/virage.beer\/total\/wp-json\/wp\/v2\/product\/863","targetHints":{"allow":["GET"]}}],"collection":[{"href":"https:\/\/virage.beer\/total\/wp-json\/wp\/v2\/product"}],"about":[{"href":"https:\/\/virage.beer\/total\/wp-json\/wp\/v2\/types\/product"}],"wp:featuredmedia":[{"embeddable":true,"href":"https:\/\/virage.beer\/total\/wp-json\/wp\/v2\/media\/864"}],"wp:attachment":[{"href":"https:\/\/virage.beer\/total\/wp-json\/wp\/v2\/media?parent=863"}],"wp:term":[{"taxonomy":"product_brand","embeddable":true,"href":"https:\/\/virage.beer\/total\/wp-json\/wp\/v2\/product_brand?post=863"},{"taxonomy":"product_cat","embeddable":true,"href":"https:\/\/virage.beer\/total\/wp-json\/wp\/v2\/product_cat?post=863"},{"taxonomy":"product_tag","embeddable":true,"href":"https:\/\/virage.beer\/total\/wp-json\/wp\/v2\/product_tag?post=863"}],"curies":[{"name":"wp","href":"https:\/\/api.w.org\/{rel}","templated":true}]}}