{"id":802,"date":"2025-11-15T14:41:23","date_gmt":"2025-11-15T13:41:23","guid":{"rendered":"https:\/\/virage.beer\/total\/?post_type=product&#038;p=802"},"modified":"2025-11-15T14:41:23","modified_gmt":"2025-11-15T13:41:23","slug":"pomme-variete-mairac","status":"publish","type":"product","link":"https:\/\/virage.beer\/total\/produit\/pomme-variete-mairac\/","title":{"rendered":"Pomme Vari\u00e9t\u00e9 &lsquo;Mairac&rsquo;"},"content":{"rendered":"<p>Nous avons le plaisir d&rsquo;avoir sorti une petite gamme de vari\u00e9t\u00e9 de pomme: Gravenstein, Lord Lambourne, Boskoop, Mairac&#8230;<\/p>\n<p>Cette gamme permet de d\u00e9couvrir toute la palette aromatique qu&rsquo;offre ce si beau fruit.<\/p>\n<p>La pomme Mairac, aussi surnomm\u00e9e la Flamboyante pour ses belles couleurs, a gagn\u00e9 le prix de la meilleure eaux-de-vie de pomme au <a href=\"https:\/\/distisuisse.ch\/produkt\/pomme-mairac\/\">concours Distisuisse 2025\/2026<\/a>.<\/p>\n","protected":false},"excerpt":{"rendered":"<p>41% vol. alc.<\/p>\n<p>50cl<\/p>\n","protected":false},"featured_media":803,"template":"","meta":[],"product_brand":[],"product_cat":[23,17],"product_tag":[],"class_list":{"0":"post-802","1":"product","2":"type-product","3":"status-publish","4":"has-post-thumbnail","6":"product_cat-50cl","7":"product_cat-distillerie","9":"first","10":"instock","11":"shipping-taxable","12":"product-type-simple"},"_links":{"self":[{"href":"https:\/\/virage.beer\/total\/wp-json\/wp\/v2\/product\/802","targetHints":{"allow":["GET"]}}],"collection":[{"href":"https:\/\/virage.beer\/total\/wp-json\/wp\/v2\/product"}],"about":[{"href":"https:\/\/virage.beer\/total\/wp-json\/wp\/v2\/types\/product"}],"wp:featuredmedia":[{"embeddable":true,"href":"https:\/\/virage.beer\/total\/wp-json\/wp\/v2\/media\/803"}],"wp:attachment":[{"href":"https:\/\/virage.beer\/total\/wp-json\/wp\/v2\/media?parent=802"}],"wp:term":[{"taxonomy":"product_brand","embeddable":true,"href":"https:\/\/virage.beer\/total\/wp-json\/wp\/v2\/product_brand?post=802"},{"taxonomy":"product_cat","embeddable":true,"href":"https:\/\/virage.beer\/total\/wp-json\/wp\/v2\/product_cat?post=802"},{"taxonomy":"product_tag","embeddable":true,"href":"https:\/\/virage.beer\/total\/wp-json\/wp\/v2\/product_tag?post=802"}],"curies":[{"name":"wp","href":"https:\/\/api.w.org\/{rel}","templated":true}]}}