{"id":78,"date":"2020-05-08T16:34:56","date_gmt":"2020-05-08T14:34:56","guid":{"rendered":"https:\/\/virage.beer\/total\/?post_type=product&#038;p=78"},"modified":"2023-02-07T11:12:16","modified_gmt":"2023-02-07T10:12:16","slug":"mini-bouteille","status":"publish","type":"product","link":"https:\/\/virage.beer\/total\/produit\/mini-bouteille\/","title":{"rendered":"Mini bouteille"},"content":{"rendered":"<p>10 cl<\/p>\n","protected":false},"excerpt":{"rendered":"<p>Eau-de-vie disponibles en 10cl: Abricot, Mirabelle, Coing, William, Kirsch, Framboise, Lie, Gin<\/p>\n<p>Merci de pr\u00e9ciser l&rsquo;eau de vie-d\u00e9sir\u00e9e en commentaire, sinon nous vous ferons une petite s\u00e9lection.<\/p>\n","protected":false},"featured_media":79,"template":"","meta":[],"product_brand":[],"product_cat":[27,17],"product_tag":[],"class_list":{"0":"post-78","1":"product","2":"type-product","3":"status-publish","4":"has-post-thumbnail","6":"product_cat-10cl","7":"product_cat-distillerie","9":"first","10":"instock","11":"shipping-taxable","12":"purchasable","13":"product-type-simple"},"_links":{"self":[{"href":"https:\/\/virage.beer\/total\/wp-json\/wp\/v2\/product\/78","targetHints":{"allow":["GET"]}}],"collection":[{"href":"https:\/\/virage.beer\/total\/wp-json\/wp\/v2\/product"}],"about":[{"href":"https:\/\/virage.beer\/total\/wp-json\/wp\/v2\/types\/product"}],"wp:featuredmedia":[{"embeddable":true,"href":"https:\/\/virage.beer\/total\/wp-json\/wp\/v2\/media\/79"}],"wp:attachment":[{"href":"https:\/\/virage.beer\/total\/wp-json\/wp\/v2\/media?parent=78"}],"wp:term":[{"taxonomy":"product_brand","embeddable":true,"href":"https:\/\/virage.beer\/total\/wp-json\/wp\/v2\/product_brand?post=78"},{"taxonomy":"product_cat","embeddable":true,"href":"https:\/\/virage.beer\/total\/wp-json\/wp\/v2\/product_cat?post=78"},{"taxonomy":"product_tag","embeddable":true,"href":"https:\/\/virage.beer\/total\/wp-json\/wp\/v2\/product_tag?post=78"}],"curies":[{"name":"wp","href":"https:\/\/api.w.org\/{rel}","templated":true}]}}