{"id":770,"date":"2025-07-17T11:19:56","date_gmt":"2025-07-17T09:19:56","guid":{"rendered":"https:\/\/virage.beer\/total\/?post_type=product&#038;p=770"},"modified":"2025-07-28T14:22:03","modified_gmt":"2025-07-28T12:22:03","slug":"voisin-masque-du-rouge-gorge-2024","status":"publish","type":"product","link":"https:\/\/virage.beer\/total\/produit\/voisin-masque-du-rouge-gorge-2024\/","title":{"rendered":"Voisin masqu\u00e9 du Rouge Gorge 2024"},"content":{"rendered":"<p>Vin de table.<\/p>\n<p>Et voil\u00e0 un vin qui goutte le ros\u00e9. Issu d&rsquo;un assemblage entre un<br \/>\nChasselas et un Pinot noir de presse l\u00e9g\u00e8re.<\/p>\n<p>Fruit\u00e9, original, un blouge qui bouge, estival, petite cuv\u00e9e unique du<br \/>\nmill\u00e9sime 2024.<\/p>\n<p>Sans sulfite ajout\u00e9.<\/p>\n","protected":false},"excerpt":{"rendered":"<p>12.5% vol. alc.<\/p>\n<p>75cl<\/p>\n<p>Bouteille consign\u00e9e &#8211; 50cts int\u00e9gr\u00e9s dans le prix<\/p>\n","protected":false},"featured_media":771,"template":"","meta":[],"product_brand":[],"product_cat":[31],"product_tag":[],"class_list":{"0":"post-770","1":"product","2":"type-product","3":"status-publish","4":"has-post-thumbnail","6":"product_cat-vin","8":"first","9":"instock","10":"shipping-taxable","11":"purchasable","12":"product-type-simple"},"_links":{"self":[{"href":"https:\/\/virage.beer\/total\/wp-json\/wp\/v2\/product\/770","targetHints":{"allow":["GET"]}}],"collection":[{"href":"https:\/\/virage.beer\/total\/wp-json\/wp\/v2\/product"}],"about":[{"href":"https:\/\/virage.beer\/total\/wp-json\/wp\/v2\/types\/product"}],"wp:featuredmedia":[{"embeddable":true,"href":"https:\/\/virage.beer\/total\/wp-json\/wp\/v2\/media\/771"}],"wp:attachment":[{"href":"https:\/\/virage.beer\/total\/wp-json\/wp\/v2\/media?parent=770"}],"wp:term":[{"taxonomy":"product_brand","embeddable":true,"href":"https:\/\/virage.beer\/total\/wp-json\/wp\/v2\/product_brand?post=770"},{"taxonomy":"product_cat","embeddable":true,"href":"https:\/\/virage.beer\/total\/wp-json\/wp\/v2\/product_cat?post=770"},{"taxonomy":"product_tag","embeddable":true,"href":"https:\/\/virage.beer\/total\/wp-json\/wp\/v2\/product_tag?post=770"}],"curies":[{"name":"wp","href":"https:\/\/api.w.org\/{rel}","templated":true}]}}