{"id":767,"date":"2025-07-17T11:15:07","date_gmt":"2025-07-17T09:15:07","guid":{"rendered":"https:\/\/virage.beer\/total\/?post_type=product&#038;p=767"},"modified":"2025-07-28T14:21:35","modified_gmt":"2025-07-28T12:21:35","slug":"gamay-merlinge-du-rouge-gorge-2024","status":"publish","type":"product","link":"https:\/\/virage.beer\/total\/produit\/gamay-merlinge-du-rouge-gorge-2024\/","title":{"rendered":"Gamay Merlinge du Rouge Gorge 2024"},"content":{"rendered":"<p>Vin de Pays Romand 2024.<\/p>\n<p>Issu de la parcelle Merlinge \u00e0 Gy, le mill\u00e9sime 2024 se d\u00e9couvre apr\u00e8s<br \/>\nun \u00e9grappage manuel soign\u00e9 et un cuvage l\u00e9ger. A la sortie, nous pouvons<br \/>\nd\u00e9guster un Gamay gouleyant, fruit\u00e9 et l\u00e9ger.<\/p>\n<p>Sans sulfite ajout\u00e9.<\/p>\n","protected":false},"excerpt":{"rendered":"<p>12% vol. alc.<\/p>\n<p>75cl<\/p>\n<p>Bouteille consign\u00e9e &#8211; 50cts int\u00e9gr\u00e9s dans le prix<\/p>\n","protected":false},"featured_media":768,"template":"","meta":[],"product_brand":[],"product_cat":[31],"product_tag":[],"class_list":{"0":"post-767","1":"product","2":"type-product","3":"status-publish","4":"has-post-thumbnail","6":"product_cat-vin","8":"first","9":"instock","10":"shipping-taxable","11":"purchasable","12":"product-type-simple"},"_links":{"self":[{"href":"https:\/\/virage.beer\/total\/wp-json\/wp\/v2\/product\/767","targetHints":{"allow":["GET"]}}],"collection":[{"href":"https:\/\/virage.beer\/total\/wp-json\/wp\/v2\/product"}],"about":[{"href":"https:\/\/virage.beer\/total\/wp-json\/wp\/v2\/types\/product"}],"wp:featuredmedia":[{"embeddable":true,"href":"https:\/\/virage.beer\/total\/wp-json\/wp\/v2\/media\/768"}],"wp:attachment":[{"href":"https:\/\/virage.beer\/total\/wp-json\/wp\/v2\/media?parent=767"}],"wp:term":[{"taxonomy":"product_brand","embeddable":true,"href":"https:\/\/virage.beer\/total\/wp-json\/wp\/v2\/product_brand?post=767"},{"taxonomy":"product_cat","embeddable":true,"href":"https:\/\/virage.beer\/total\/wp-json\/wp\/v2\/product_cat?post=767"},{"taxonomy":"product_tag","embeddable":true,"href":"https:\/\/virage.beer\/total\/wp-json\/wp\/v2\/product_tag?post=767"}],"curies":[{"name":"wp","href":"https:\/\/api.w.org\/{rel}","templated":true}]}}