{"id":754,"date":"2025-07-11T12:07:28","date_gmt":"2025-07-11T10:07:28","guid":{"rendered":"https:\/\/virage.beer\/total\/?post_type=product&#038;p=754"},"modified":"2025-07-17T09:08:25","modified_gmt":"2025-07-17T07:08:25","slug":"pinot-noir-du-rouge-gorge","status":"publish","type":"product","link":"https:\/\/virage.beer\/total\/produit\/pinot-noir-du-rouge-gorge\/","title":{"rendered":"Pinot Noir du Rouge Gorge"},"content":{"rendered":"<p>Vin de Pays Romand. Le mill\u00e9sime 2023 se r\u00e9v\u00e8le avec des notes typ\u00e9es tendance menthol\u00e9es,<br \/>\nune belle extraction de tanins<\/p>\n<p>Bient\u00f4t en fin de stock!<\/p>\n<p>Le prochain mill\u00e9sime 2024 sera une cuv\u00e9e \u00e9levage en cuve argile, plus<br \/>\nl\u00e9ger avec des notes de confiture de fruits rouges. A suivre&#8230;<\/p>\n","protected":false},"excerpt":{"rendered":"<p>12.5% vol. alc.<\/p>\n<p>75cl<\/p>\n<p>Bouteille consign\u00e9e &#8211; 50cts int\u00e9gr\u00e9s dans le prix<\/p>\n","protected":false},"featured_media":766,"template":"","meta":[],"product_brand":[],"product_cat":[31],"product_tag":[],"class_list":{"0":"post-754","1":"product","2":"type-product","3":"status-publish","4":"has-post-thumbnail","6":"product_cat-vin","8":"first","9":"instock","10":"shipping-taxable","11":"purchasable","12":"product-type-simple"},"_links":{"self":[{"href":"https:\/\/virage.beer\/total\/wp-json\/wp\/v2\/product\/754","targetHints":{"allow":["GET"]}}],"collection":[{"href":"https:\/\/virage.beer\/total\/wp-json\/wp\/v2\/product"}],"about":[{"href":"https:\/\/virage.beer\/total\/wp-json\/wp\/v2\/types\/product"}],"wp:featuredmedia":[{"embeddable":true,"href":"https:\/\/virage.beer\/total\/wp-json\/wp\/v2\/media\/766"}],"wp:attachment":[{"href":"https:\/\/virage.beer\/total\/wp-json\/wp\/v2\/media?parent=754"}],"wp:term":[{"taxonomy":"product_brand","embeddable":true,"href":"https:\/\/virage.beer\/total\/wp-json\/wp\/v2\/product_brand?post=754"},{"taxonomy":"product_cat","embeddable":true,"href":"https:\/\/virage.beer\/total\/wp-json\/wp\/v2\/product_cat?post=754"},{"taxonomy":"product_tag","embeddable":true,"href":"https:\/\/virage.beer\/total\/wp-json\/wp\/v2\/product_tag?post=754"}],"curies":[{"name":"wp","href":"https:\/\/api.w.org\/{rel}","templated":true}]}}