{"id":753,"date":"2025-07-11T12:05:50","date_gmt":"2025-07-11T10:05:50","guid":{"rendered":"https:\/\/virage.beer\/total\/?post_type=product&#038;p=753"},"modified":"2025-07-17T11:27:46","modified_gmt":"2025-07-17T09:27:46","slug":"pif-du-piaf-du-rouge-gorge","status":"publish","type":"product","link":"https:\/\/virage.beer\/total\/produit\/pif-du-piaf-du-rouge-gorge\/","title":{"rendered":"Pif du Piaf du Rouge-Gorge"},"content":{"rendered":"<p>Assemblage de Gamay 2\/3 et de Pinot noir 1\/3.<\/p>\n<p>Un vin \u00e9quilibr\u00e9, agr\u00e9able, l\u00e9ger. <\/p>\n<p>Bient\u00f4t en rupture de stock.<\/p>\n<p>Prochaine cuv\u00e9e en 2025.<\/p>\n","protected":false},"excerpt":{"rendered":"<p>12.5% vol. alc.<\/p>\n<p>75cl<\/p>\n<p>Bouteille consign\u00e9e &#8211; 50cts int\u00e9gr\u00e9s dans le prix<\/p>\n","protected":false},"featured_media":772,"template":"","meta":[],"product_brand":[],"product_cat":[31],"product_tag":[],"class_list":{"0":"post-753","1":"product","2":"type-product","3":"status-publish","4":"has-post-thumbnail","6":"product_cat-vin","8":"first","9":"instock","10":"shipping-taxable","11":"purchasable","12":"product-type-simple"},"_links":{"self":[{"href":"https:\/\/virage.beer\/total\/wp-json\/wp\/v2\/product\/753","targetHints":{"allow":["GET"]}}],"collection":[{"href":"https:\/\/virage.beer\/total\/wp-json\/wp\/v2\/product"}],"about":[{"href":"https:\/\/virage.beer\/total\/wp-json\/wp\/v2\/types\/product"}],"wp:featuredmedia":[{"embeddable":true,"href":"https:\/\/virage.beer\/total\/wp-json\/wp\/v2\/media\/772"}],"wp:attachment":[{"href":"https:\/\/virage.beer\/total\/wp-json\/wp\/v2\/media?parent=753"}],"wp:term":[{"taxonomy":"product_brand","embeddable":true,"href":"https:\/\/virage.beer\/total\/wp-json\/wp\/v2\/product_brand?post=753"},{"taxonomy":"product_cat","embeddable":true,"href":"https:\/\/virage.beer\/total\/wp-json\/wp\/v2\/product_cat?post=753"},{"taxonomy":"product_tag","embeddable":true,"href":"https:\/\/virage.beer\/total\/wp-json\/wp\/v2\/product_tag?post=753"}],"curies":[{"name":"wp","href":"https:\/\/api.w.org\/{rel}","templated":true}]}}