{"id":75,"date":"2020-05-08T15:40:03","date_gmt":"2020-05-08T13:40:03","guid":{"rendered":"https:\/\/virage.beer\/total\/?post_type=product&#038;p=75"},"modified":"2025-11-15T14:44:23","modified_gmt":"2025-11-15T13:44:23","slug":"cerise-noire-de-montreux","status":"publish","type":"product","link":"https:\/\/virage.beer\/total\/produit\/cerise-noire-de-montreux\/","title":{"rendered":"Cerise noire de Montreux"},"content":{"rendered":"<p><i>Cette cerise aux ar\u00f4mes fins est r\u00e9colt\u00e9e \u00e0 Plan-les-Ouates par nos soins.<\/i><\/p>\n<p>Nez: intense, frais, \u00e9l\u00e9gant<\/p>\n<p>Bouche: griotte, poivr\u00e9, massepain<\/p>\n<p>M\u00e9daille d&rsquo;or au concours <a href=\"https:\/\/distisuisse.ch\/produkt\/cerise-noire-de-montreux\/\">Distisuisse 2025\/2026<\/a>.<\/p>\n","protected":false},"excerpt":{"rendered":"<p>37.5 cl<\/p>\n","protected":false},"featured_media":804,"template":"","meta":[],"product_brand":[],"product_cat":[25,17,18],"product_tag":[],"class_list":{"0":"post-75","1":"product","2":"type-product","3":"status-publish","4":"has-post-thumbnail","6":"product_cat-37-5cl","7":"product_cat-distillerie","8":"product_cat-noyau","10":"first","11":"outofstock","12":"shipping-taxable","13":"purchasable","14":"product-type-simple"},"_links":{"self":[{"href":"https:\/\/virage.beer\/total\/wp-json\/wp\/v2\/product\/75","targetHints":{"allow":["GET"]}}],"collection":[{"href":"https:\/\/virage.beer\/total\/wp-json\/wp\/v2\/product"}],"about":[{"href":"https:\/\/virage.beer\/total\/wp-json\/wp\/v2\/types\/product"}],"wp:featuredmedia":[{"embeddable":true,"href":"https:\/\/virage.beer\/total\/wp-json\/wp\/v2\/media\/804"}],"wp:attachment":[{"href":"https:\/\/virage.beer\/total\/wp-json\/wp\/v2\/media?parent=75"}],"wp:term":[{"taxonomy":"product_brand","embeddable":true,"href":"https:\/\/virage.beer\/total\/wp-json\/wp\/v2\/product_brand?post=75"},{"taxonomy":"product_cat","embeddable":true,"href":"https:\/\/virage.beer\/total\/wp-json\/wp\/v2\/product_cat?post=75"},{"taxonomy":"product_tag","embeddable":true,"href":"https:\/\/virage.beer\/total\/wp-json\/wp\/v2\/product_tag?post=75"}],"curies":[{"name":"wp","href":"https:\/\/api.w.org\/{rel}","templated":true}]}}