{"id":745,"date":"2025-06-17T16:07:30","date_gmt":"2025-06-17T14:07:30","guid":{"rendered":"https:\/\/virage.beer\/total\/?post_type=product&#038;p=745"},"modified":"2026-02-17T14:02:51","modified_gmt":"2026-02-17T13:02:51","slug":"mirage-pale-ale-sans-alcool","status":"publish","type":"product","link":"https:\/\/virage.beer\/total\/produit\/mirage-pale-ale-sans-alcool\/","title":{"rendered":"Mirage &#8211; Pale Ale Sans Alcool"},"content":{"rendered":"<p><span style=\"font-size: medium;\">Une Pale ale fruit\u00e9e qui cache bien son jeu. <\/span><\/p>\n<p><span style=\"font-size: medium;\">La premi\u00e8re bi\u00e8re genevoise sans alcool. 100% de c\u00e9r\u00e9ales locales, savoureuse et rafra\u00eechissante.<\/span><\/p>\n<p>&nbsp;<\/p>\n<p>Malts: 100% malt local<\/p>\n","protected":false},"excerpt":{"rendered":"<p>0.3% vol. alc.<\/p>\n<p>6x33cL<\/p>\n","protected":false},"featured_media":828,"template":"","meta":[],"product_brand":[],"product_cat":[37,36,41],"product_tag":[],"class_list":{"0":"post-745","1":"product","2":"type-product","3":"status-publish","4":"has-post-thumbnail","6":"product_cat-33cl","7":"product_cat-bieres-regulieres","8":"product_cat-brasserie","10":"first","11":"instock","12":"shipping-taxable","13":"purchasable","14":"product-type-simple"},"_links":{"self":[{"href":"https:\/\/virage.beer\/total\/wp-json\/wp\/v2\/product\/745","targetHints":{"allow":["GET"]}}],"collection":[{"href":"https:\/\/virage.beer\/total\/wp-json\/wp\/v2\/product"}],"about":[{"href":"https:\/\/virage.beer\/total\/wp-json\/wp\/v2\/types\/product"}],"wp:featuredmedia":[{"embeddable":true,"href":"https:\/\/virage.beer\/total\/wp-json\/wp\/v2\/media\/828"}],"wp:attachment":[{"href":"https:\/\/virage.beer\/total\/wp-json\/wp\/v2\/media?parent=745"}],"wp:term":[{"taxonomy":"product_brand","embeddable":true,"href":"https:\/\/virage.beer\/total\/wp-json\/wp\/v2\/product_brand?post=745"},{"taxonomy":"product_cat","embeddable":true,"href":"https:\/\/virage.beer\/total\/wp-json\/wp\/v2\/product_cat?post=745"},{"taxonomy":"product_tag","embeddable":true,"href":"https:\/\/virage.beer\/total\/wp-json\/wp\/v2\/product_tag?post=745"}],"curies":[{"name":"wp","href":"https:\/\/api.w.org\/{rel}","templated":true}]}}