{"id":71,"date":"2020-05-08T15:36:11","date_gmt":"2020-05-08T13:36:11","guid":{"rendered":"https:\/\/virage.beer\/total\/?post_type=product&#038;p=71"},"modified":"2023-08-19T10:27:13","modified_gmt":"2023-08-19T08:27:13","slug":"pruneau","status":"publish","type":"product","link":"https:\/\/virage.beer\/total\/produit\/pruneau\/","title":{"rendered":"Pruneau"},"content":{"rendered":"<p><i>La franchise du pruneau et sa longueur en bouche<\/i><\/p>\n<p>Nez: \u00e9pic\u00e9, agrume<\/p>\n<p>Bouche: pruneau m\u00fbr, \u00e9pic\u00e9<\/p>\n","protected":false},"excerpt":{"rendered":"<p>70cl<\/p>\n","protected":false},"featured_media":565,"template":"","meta":[],"product_brand":[],"product_cat":[24,17,18],"product_tag":[],"class_list":{"0":"post-71","1":"product","2":"type-product","3":"status-publish","4":"has-post-thumbnail","6":"product_cat-70cl","7":"product_cat-distillerie","8":"product_cat-noyau","10":"first","11":"instock","12":"shipping-taxable","13":"purchasable","14":"product-type-simple"},"_links":{"self":[{"href":"https:\/\/virage.beer\/total\/wp-json\/wp\/v2\/product\/71","targetHints":{"allow":["GET"]}}],"collection":[{"href":"https:\/\/virage.beer\/total\/wp-json\/wp\/v2\/product"}],"about":[{"href":"https:\/\/virage.beer\/total\/wp-json\/wp\/v2\/types\/product"}],"wp:featuredmedia":[{"embeddable":true,"href":"https:\/\/virage.beer\/total\/wp-json\/wp\/v2\/media\/565"}],"wp:attachment":[{"href":"https:\/\/virage.beer\/total\/wp-json\/wp\/v2\/media?parent=71"}],"wp:term":[{"taxonomy":"product_brand","embeddable":true,"href":"https:\/\/virage.beer\/total\/wp-json\/wp\/v2\/product_brand?post=71"},{"taxonomy":"product_cat","embeddable":true,"href":"https:\/\/virage.beer\/total\/wp-json\/wp\/v2\/product_cat?post=71"},{"taxonomy":"product_tag","embeddable":true,"href":"https:\/\/virage.beer\/total\/wp-json\/wp\/v2\/product_tag?post=71"}],"curies":[{"name":"wp","href":"https:\/\/api.w.org\/{rel}","templated":true}]}}