{"id":663,"date":"2024-03-01T11:06:19","date_gmt":"2024-03-01T10:06:19","guid":{"rendered":"https:\/\/virage.beer\/total\/?post_type=product&#038;p=663"},"modified":"2025-07-17T11:28:53","modified_gmt":"2025-07-17T09:28:53","slug":"feuillu-2023-de-la-cave-du-rouge-gorge","status":"publish","type":"product","link":"https:\/\/virage.beer\/total\/produit\/feuillu-2023-de-la-cave-du-rouge-gorge\/","title":{"rendered":"Feuillu de la Cave du Rouge-Gorge 2024"},"content":{"rendered":"<p>Vin de pays romand. Assemblage 80% Chasselas, le reste avec Pinot blanc et Sauvignon blanc.<br \/>\nVin l\u00e9ger, fruit\u00e9, gras et l\u00e9g\u00e8re amertume en finale, parfait pour l&rsquo;ap\u00e9ro!<\/p>\n<p>Sans sulfite ajout\u00e9.<\/p>\n","protected":false},"excerpt":{"rendered":"<p>10.5% vol.alc.<\/p>\n<p>75cl<\/p>\n<p>Bouteille consign\u00e9e \u2013 50cts int\u00e9gr\u00e9s dans le prix<\/p>\n","protected":false},"featured_media":762,"template":"","meta":[],"product_brand":[],"product_cat":[31],"product_tag":[],"class_list":{"0":"post-663","1":"product","2":"type-product","3":"status-publish","4":"has-post-thumbnail","6":"product_cat-vin","8":"first","9":"instock","10":"shipping-taxable","11":"purchasable","12":"product-type-simple"},"_links":{"self":[{"href":"https:\/\/virage.beer\/total\/wp-json\/wp\/v2\/product\/663","targetHints":{"allow":["GET"]}}],"collection":[{"href":"https:\/\/virage.beer\/total\/wp-json\/wp\/v2\/product"}],"about":[{"href":"https:\/\/virage.beer\/total\/wp-json\/wp\/v2\/types\/product"}],"wp:featuredmedia":[{"embeddable":true,"href":"https:\/\/virage.beer\/total\/wp-json\/wp\/v2\/media\/762"}],"wp:attachment":[{"href":"https:\/\/virage.beer\/total\/wp-json\/wp\/v2\/media?parent=663"}],"wp:term":[{"taxonomy":"product_brand","embeddable":true,"href":"https:\/\/virage.beer\/total\/wp-json\/wp\/v2\/product_brand?post=663"},{"taxonomy":"product_cat","embeddable":true,"href":"https:\/\/virage.beer\/total\/wp-json\/wp\/v2\/product_cat?post=663"},{"taxonomy":"product_tag","embeddable":true,"href":"https:\/\/virage.beer\/total\/wp-json\/wp\/v2\/product_tag?post=663"}],"curies":[{"name":"wp","href":"https:\/\/api.w.org\/{rel}","templated":true}]}}