{"id":660,"date":"2024-03-01T11:03:24","date_gmt":"2024-03-01T10:03:24","guid":{"rendered":"https:\/\/virage.beer\/total\/?post_type=product&#038;p=660"},"modified":"2025-07-17T11:29:30","modified_gmt":"2025-07-17T09:29:30","slug":"sauvignon-du-rouge-gorge-2023","status":"publish","type":"product","link":"https:\/\/virage.beer\/total\/produit\/sauvignon-du-rouge-gorge-2023\/","title":{"rendered":"Sauvignon blanc du Rouge-Gorge 2024"},"content":{"rendered":"<p>R\u00e9colt\u00e9 sur une parcelle de Troinex.<\/p>\n<p>Le mill\u00e9sime 2024 se pr\u00e9sente avec des notes fruit\u00e9es et une belle vivacit\u00e9.<\/p>\n<p>Sans sulfite ajout\u00e9.<\/p>\n","protected":false},"excerpt":{"rendered":"<p>12% vol.alc.<\/p>\n<p>75cl<\/p>\n<p>Bouteille consign\u00e9e \u2013 50cts int\u00e9gr\u00e9s dans le prix<\/p>\n","protected":false},"featured_media":759,"template":"","meta":[],"product_brand":[],"product_cat":[31],"product_tag":[],"class_list":{"0":"post-660","1":"product","2":"type-product","3":"status-publish","4":"has-post-thumbnail","6":"product_cat-vin","8":"first","9":"instock","10":"shipping-taxable","11":"purchasable","12":"product-type-simple"},"_links":{"self":[{"href":"https:\/\/virage.beer\/total\/wp-json\/wp\/v2\/product\/660","targetHints":{"allow":["GET"]}}],"collection":[{"href":"https:\/\/virage.beer\/total\/wp-json\/wp\/v2\/product"}],"about":[{"href":"https:\/\/virage.beer\/total\/wp-json\/wp\/v2\/types\/product"}],"wp:featuredmedia":[{"embeddable":true,"href":"https:\/\/virage.beer\/total\/wp-json\/wp\/v2\/media\/759"}],"wp:attachment":[{"href":"https:\/\/virage.beer\/total\/wp-json\/wp\/v2\/media?parent=660"}],"wp:term":[{"taxonomy":"product_brand","embeddable":true,"href":"https:\/\/virage.beer\/total\/wp-json\/wp\/v2\/product_brand?post=660"},{"taxonomy":"product_cat","embeddable":true,"href":"https:\/\/virage.beer\/total\/wp-json\/wp\/v2\/product_cat?post=660"},{"taxonomy":"product_tag","embeddable":true,"href":"https:\/\/virage.beer\/total\/wp-json\/wp\/v2\/product_tag?post=660"}],"curies":[{"name":"wp","href":"https:\/\/api.w.org\/{rel}","templated":true}]}}