{"id":65,"date":"2020-05-08T15:31:41","date_gmt":"2020-05-08T13:31:41","guid":{"rendered":"https:\/\/virage.beer\/total\/?post_type=product&#038;p=65"},"modified":"2026-02-14T10:07:59","modified_gmt":"2026-02-14T09:07:59","slug":"golden-brown","status":"publish","type":"product","link":"https:\/\/virage.beer\/total\/produit\/golden-brown\/","title":{"rendered":"Golden Brown"},"content":{"rendered":"<p><i>Pas de p\u00e9pin avec la Golden Brown!<\/i><\/p>\n<p>Nez: pomme m\u00fbre, banane<\/p>\n<p>Bouche: \u00e9pic\u00e9, bois\u00e9, frais et long<\/p>\n","protected":false},"excerpt":{"rendered":"<p>50cl<\/p>\n","protected":false},"featured_media":558,"template":"","meta":[],"product_brand":[],"product_cat":[23,22,19],"product_tag":[],"class_list":{"0":"post-65","1":"product","2":"type-product","3":"status-publish","4":"has-post-thumbnail","6":"product_cat-50cl","7":"product_cat-barrique","8":"product_cat-pepin","10":"first","11":"outofstock","12":"shipping-taxable","13":"purchasable","14":"product-type-simple"},"_links":{"self":[{"href":"https:\/\/virage.beer\/total\/wp-json\/wp\/v2\/product\/65","targetHints":{"allow":["GET"]}}],"collection":[{"href":"https:\/\/virage.beer\/total\/wp-json\/wp\/v2\/product"}],"about":[{"href":"https:\/\/virage.beer\/total\/wp-json\/wp\/v2\/types\/product"}],"wp:featuredmedia":[{"embeddable":true,"href":"https:\/\/virage.beer\/total\/wp-json\/wp\/v2\/media\/558"}],"wp:attachment":[{"href":"https:\/\/virage.beer\/total\/wp-json\/wp\/v2\/media?parent=65"}],"wp:term":[{"taxonomy":"product_brand","embeddable":true,"href":"https:\/\/virage.beer\/total\/wp-json\/wp\/v2\/product_brand?post=65"},{"taxonomy":"product_cat","embeddable":true,"href":"https:\/\/virage.beer\/total\/wp-json\/wp\/v2\/product_cat?post=65"},{"taxonomy":"product_tag","embeddable":true,"href":"https:\/\/virage.beer\/total\/wp-json\/wp\/v2\/product_tag?post=65"}],"curies":[{"name":"wp","href":"https:\/\/api.w.org\/{rel}","templated":true}]}}