{"id":642,"date":"2023-11-16T17:43:48","date_gmt":"2023-11-16T16:43:48","guid":{"rendered":"https:\/\/virage.beer\/total\/?post_type=product&#038;p=642"},"modified":"2025-07-17T11:29:12","modified_gmt":"2025-07-17T09:29:12","slug":"chasselas-argile-du-rouge-gorge","status":"publish","type":"product","link":"https:\/\/virage.beer\/total\/produit\/chasselas-argile-du-rouge-gorge\/","title":{"rendered":"Chasselas argile du Rouge-Gorge"},"content":{"rendered":"<p>R\u00e9colt\u00e9 sur une parcelle de Gy et \u00e9lev\u00e9 en cuve argile.<\/p>\n<p>Le mill\u00e9sime 2024 se pr\u00e9sente avec des notes fruit\u00e9es et une belle vivacit\u00e9. <\/p>\n<p>Sans sulfite ajout\u00e9.<\/p>\n","protected":false},"excerpt":{"rendered":"<p>11% vol.alc.<\/p>\n<p>75cl<\/p>\n<p>Bouteille consign\u00e9e &#8211; 50cts inclus dans le prix<\/p>\n","protected":false},"featured_media":760,"template":"","meta":[],"product_brand":[],"product_cat":[31],"product_tag":[],"class_list":{"0":"post-642","1":"product","2":"type-product","3":"status-publish","4":"has-post-thumbnail","6":"product_cat-vin","8":"first","9":"instock","10":"shipping-taxable","11":"purchasable","12":"product-type-simple"},"_links":{"self":[{"href":"https:\/\/virage.beer\/total\/wp-json\/wp\/v2\/product\/642","targetHints":{"allow":["GET"]}}],"collection":[{"href":"https:\/\/virage.beer\/total\/wp-json\/wp\/v2\/product"}],"about":[{"href":"https:\/\/virage.beer\/total\/wp-json\/wp\/v2\/types\/product"}],"wp:featuredmedia":[{"embeddable":true,"href":"https:\/\/virage.beer\/total\/wp-json\/wp\/v2\/media\/760"}],"wp:attachment":[{"href":"https:\/\/virage.beer\/total\/wp-json\/wp\/v2\/media?parent=642"}],"wp:term":[{"taxonomy":"product_brand","embeddable":true,"href":"https:\/\/virage.beer\/total\/wp-json\/wp\/v2\/product_brand?post=642"},{"taxonomy":"product_cat","embeddable":true,"href":"https:\/\/virage.beer\/total\/wp-json\/wp\/v2\/product_cat?post=642"},{"taxonomy":"product_tag","embeddable":true,"href":"https:\/\/virage.beer\/total\/wp-json\/wp\/v2\/product_tag?post=642"}],"curies":[{"name":"wp","href":"https:\/\/api.w.org\/{rel}","templated":true}]}}