{"id":626,"date":"2023-06-22T11:52:25","date_gmt":"2023-06-22T09:52:25","guid":{"rendered":"https:\/\/virage.beer\/total\/?post_type=product&#038;p=626"},"modified":"2025-11-15T14:46:04","modified_gmt":"2025-11-15T13:46:04","slug":"gin-n4","status":"publish","type":"product","link":"https:\/\/virage.beer\/total\/produit\/gin-n4\/","title":{"rendered":"Gin n\u00b04"},"content":{"rendered":"<p>A chaque num\u00e9ro sa recette&#8230; Pour le 4, baies de geni\u00e8vre, graines de coriandre, citronnelle, marjolaine, sarriette, thym et fleurs de sureau, pour un gin herbac\u00e9 et long en bouche. Dans la mesure des disponibilit\u00e9s nos plantes sont bio et produites \u00e0 Gen\u00e8ve chez les merveilleux-ses <a href=\"https:\/\/1001herbes.ch\/\">1001 Herbes<\/a> !<\/p>\n<p>M\u00e9daille d&rsquo;argent au concours <a href=\"https:\/\/distisuisse.ch\/produkt\/gin-n4\/\">Distisuisse 2025\/2026<\/a>.<\/p>\n<p>&nbsp;<\/p>\n","protected":false},"excerpt":{"rendered":"<p>50 cl<\/p>\n<p>42% vol. alc.<\/p>\n","protected":false},"featured_media":628,"template":"","meta":[],"product_brand":[],"product_cat":[23,17,45],"product_tag":[],"class_list":{"0":"post-626","1":"product","2":"type-product","3":"status-publish","4":"has-post-thumbnail","6":"product_cat-50cl","7":"product_cat-distillerie","8":"product_cat-gin","10":"first","11":"instock","12":"shipping-taxable","13":"purchasable","14":"product-type-simple"},"_links":{"self":[{"href":"https:\/\/virage.beer\/total\/wp-json\/wp\/v2\/product\/626","targetHints":{"allow":["GET"]}}],"collection":[{"href":"https:\/\/virage.beer\/total\/wp-json\/wp\/v2\/product"}],"about":[{"href":"https:\/\/virage.beer\/total\/wp-json\/wp\/v2\/types\/product"}],"wp:featuredmedia":[{"embeddable":true,"href":"https:\/\/virage.beer\/total\/wp-json\/wp\/v2\/media\/628"}],"wp:attachment":[{"href":"https:\/\/virage.beer\/total\/wp-json\/wp\/v2\/media?parent=626"}],"wp:term":[{"taxonomy":"product_brand","embeddable":true,"href":"https:\/\/virage.beer\/total\/wp-json\/wp\/v2\/product_brand?post=626"},{"taxonomy":"product_cat","embeddable":true,"href":"https:\/\/virage.beer\/total\/wp-json\/wp\/v2\/product_cat?post=626"},{"taxonomy":"product_tag","embeddable":true,"href":"https:\/\/virage.beer\/total\/wp-json\/wp\/v2\/product_tag?post=626"}],"curies":[{"name":"wp","href":"https:\/\/api.w.org\/{rel}","templated":true}]}}