{"id":621,"date":"2023-06-14T16:02:51","date_gmt":"2023-06-14T14:02:51","guid":{"rendered":"https:\/\/virage.beer\/total\/?post_type=product&#038;p=621"},"modified":"2024-01-12T13:33:01","modified_gmt":"2024-01-12T12:33:01","slug":"cidre","status":"publish","type":"product","link":"https:\/\/virage.beer\/total\/produit\/cidre\/","title":{"rendered":"Cidre"},"content":{"rendered":"<p><em>Un assemblage de 5 pommes bio en jus ferment\u00e9 \u00e0 basse temp\u00e9rature avent distillation<\/em><\/p>\n<p>nez : fruit\u00e9, doux, acidul\u00e9<\/p>\n<p>bouche : ample, fruit\u00e9<\/p>\n","protected":false},"excerpt":{"rendered":"<p>50 cl<\/p>\n<p>42% vol. alc.<\/p>\n","protected":false},"featured_media":622,"template":"","meta":[],"product_brand":[],"product_cat":[23,17,19],"product_tag":[],"class_list":{"0":"post-621","1":"product","2":"type-product","3":"status-publish","4":"has-post-thumbnail","6":"product_cat-50cl","7":"product_cat-distillerie","8":"product_cat-pepin","10":"first","11":"instock","12":"shipping-taxable","13":"purchasable","14":"product-type-simple"},"_links":{"self":[{"href":"https:\/\/virage.beer\/total\/wp-json\/wp\/v2\/product\/621","targetHints":{"allow":["GET"]}}],"collection":[{"href":"https:\/\/virage.beer\/total\/wp-json\/wp\/v2\/product"}],"about":[{"href":"https:\/\/virage.beer\/total\/wp-json\/wp\/v2\/types\/product"}],"wp:featuredmedia":[{"embeddable":true,"href":"https:\/\/virage.beer\/total\/wp-json\/wp\/v2\/media\/622"}],"wp:attachment":[{"href":"https:\/\/virage.beer\/total\/wp-json\/wp\/v2\/media?parent=621"}],"wp:term":[{"taxonomy":"product_brand","embeddable":true,"href":"https:\/\/virage.beer\/total\/wp-json\/wp\/v2\/product_brand?post=621"},{"taxonomy":"product_cat","embeddable":true,"href":"https:\/\/virage.beer\/total\/wp-json\/wp\/v2\/product_cat?post=621"},{"taxonomy":"product_tag","embeddable":true,"href":"https:\/\/virage.beer\/total\/wp-json\/wp\/v2\/product_tag?post=621"}],"curies":[{"name":"wp","href":"https:\/\/api.w.org\/{rel}","templated":true}]}}