{"id":617,"date":"2023-06-08T16:23:39","date_gmt":"2023-06-08T14:23:39","guid":{"rendered":"https:\/\/virage.beer\/total\/?post_type=product&#038;p=617"},"modified":"2023-10-29T13:26:17","modified_gmt":"2023-10-29T12:26:17","slug":"gin-n","status":"publish","type":"product","link":"https:\/\/virage.beer\/total\/produit\/gin-n\/","title":{"rendered":"Gin n\u00b06"},"content":{"rendered":"<p>A chaque num\u00e9ro sa recette&#8230; Pour le 6, baies de geni\u00e8vre, graines de coriandre, fleurs de lavande, citronnelle, marjolaine, sarriette, poivre, fleurs de sureau, fleurs de tagette et graines de nigelle pour un gin floral et acidul\u00e9 tout en complexit\u00e9. Dans la mesure des disponibilit\u00e9s nos plantes sont bio et produites \u00e0 Gen\u00e8ve chez les merveilleux-ses <a href=\"https:\/\/1001herbes.ch\/\">1001 Herbes<\/a> !<\/p>\n","protected":false},"excerpt":{"rendered":"<p>50 cl<\/p>\n<p>42% vol. alc.<\/p>\n","protected":false},"featured_media":618,"template":"","meta":[],"product_brand":[],"product_cat":[23,17,45],"product_tag":[],"class_list":{"0":"post-617","1":"product","2":"type-product","3":"status-publish","4":"has-post-thumbnail","6":"product_cat-50cl","7":"product_cat-distillerie","8":"product_cat-gin","10":"first","11":"instock","12":"shipping-taxable","13":"purchasable","14":"product-type-simple"},"_links":{"self":[{"href":"https:\/\/virage.beer\/total\/wp-json\/wp\/v2\/product\/617","targetHints":{"allow":["GET"]}}],"collection":[{"href":"https:\/\/virage.beer\/total\/wp-json\/wp\/v2\/product"}],"about":[{"href":"https:\/\/virage.beer\/total\/wp-json\/wp\/v2\/types\/product"}],"wp:featuredmedia":[{"embeddable":true,"href":"https:\/\/virage.beer\/total\/wp-json\/wp\/v2\/media\/618"}],"wp:attachment":[{"href":"https:\/\/virage.beer\/total\/wp-json\/wp\/v2\/media?parent=617"}],"wp:term":[{"taxonomy":"product_brand","embeddable":true,"href":"https:\/\/virage.beer\/total\/wp-json\/wp\/v2\/product_brand?post=617"},{"taxonomy":"product_cat","embeddable":true,"href":"https:\/\/virage.beer\/total\/wp-json\/wp\/v2\/product_cat?post=617"},{"taxonomy":"product_tag","embeddable":true,"href":"https:\/\/virage.beer\/total\/wp-json\/wp\/v2\/product_tag?post=617"}],"curies":[{"name":"wp","href":"https:\/\/api.w.org\/{rel}","templated":true}]}}