{"id":578,"date":"2022-09-21T09:33:08","date_gmt":"2022-09-21T07:33:08","guid":{"rendered":"https:\/\/virage.beer\/total\/?post_type=product&#038;p=578"},"modified":"2026-02-17T14:03:54","modified_gmt":"2026-02-17T13:03:54","slug":"berliner-weisse-rhubarbe-hibiscus","status":"publish","type":"product","link":"https:\/\/virage.beer\/total\/produit\/berliner-weisse-rhubarbe-hibiscus\/","title":{"rendered":"Petite Fauve &#8211; Bi\u00e8re Sauvage"},"content":{"rendered":"<p>Une version plus l\u00e9g\u00e8re en alcool et plus fruit\u00e9e de la Saison Fauve. Une bi\u00e8re sauvage de table \u00e9lev\u00e9e avec des brettanomyces et houblonn\u00e9e \u00e0 cru. A la fois facile \u00e0 boire\u00a0et\u00a0complexe.<\/p>\n","protected":false},"excerpt":{"rendered":"<p>2.6% vol. alc.<\/p>\n<p>6 x 33cL<\/p>\n","protected":false},"featured_media":841,"template":"","meta":[],"product_brand":[],"product_cat":[40,39,41],"product_tag":[],"class_list":{"0":"post-578","1":"product","2":"type-product","3":"status-publish","4":"has-post-thumbnail","6":"product_cat-33cl-bieres-speciales","7":"product_cat-bieres-speciales","8":"product_cat-brasserie","10":"first","11":"instock","12":"shipping-taxable","13":"purchasable","14":"product-type-simple"},"_links":{"self":[{"href":"https:\/\/virage.beer\/total\/wp-json\/wp\/v2\/product\/578","targetHints":{"allow":["GET"]}}],"collection":[{"href":"https:\/\/virage.beer\/total\/wp-json\/wp\/v2\/product"}],"about":[{"href":"https:\/\/virage.beer\/total\/wp-json\/wp\/v2\/types\/product"}],"wp:featuredmedia":[{"embeddable":true,"href":"https:\/\/virage.beer\/total\/wp-json\/wp\/v2\/media\/841"}],"wp:attachment":[{"href":"https:\/\/virage.beer\/total\/wp-json\/wp\/v2\/media?parent=578"}],"wp:term":[{"taxonomy":"product_brand","embeddable":true,"href":"https:\/\/virage.beer\/total\/wp-json\/wp\/v2\/product_brand?post=578"},{"taxonomy":"product_cat","embeddable":true,"href":"https:\/\/virage.beer\/total\/wp-json\/wp\/v2\/product_cat?post=578"},{"taxonomy":"product_tag","embeddable":true,"href":"https:\/\/virage.beer\/total\/wp-json\/wp\/v2\/product_tag?post=578"}],"curies":[{"name":"wp","href":"https:\/\/api.w.org\/{rel}","templated":true}]}}