{"id":56,"date":"2020-05-08T15:24:47","date_gmt":"2020-05-08T13:24:47","guid":{"rendered":"https:\/\/virage.beer\/total\/?post_type=product&#038;p=56"},"modified":"2023-10-29T13:28:52","modified_gmt":"2023-10-29T12:28:52","slug":"56","status":"publish","type":"product","link":"https:\/\/virage.beer\/total\/produit\/56\/","title":{"rendered":"P\u00eache de vigne"},"content":{"rendered":"<p><i>Une sp\u00e9cialit\u00e9 qui magnifie la finesse de ce fruit local<\/i><\/p>\n<p>Nez: floral, subtil<\/p>\n<p>Bouche: typicit\u00e9 de fruit, peau de p\u00eache<\/p>\n","protected":false},"excerpt":{"rendered":"<p>50cl<\/p>\n","protected":false},"featured_media":543,"template":"","meta":[],"product_brand":[],"product_cat":[23,17,18],"product_tag":[],"class_list":{"0":"post-56","1":"product","2":"type-product","3":"status-publish","4":"has-post-thumbnail","6":"product_cat-50cl","7":"product_cat-distillerie","8":"product_cat-noyau","10":"first","11":"instock","12":"shipping-taxable","13":"purchasable","14":"product-type-simple"},"_links":{"self":[{"href":"https:\/\/virage.beer\/total\/wp-json\/wp\/v2\/product\/56","targetHints":{"allow":["GET"]}}],"collection":[{"href":"https:\/\/virage.beer\/total\/wp-json\/wp\/v2\/product"}],"about":[{"href":"https:\/\/virage.beer\/total\/wp-json\/wp\/v2\/types\/product"}],"wp:featuredmedia":[{"embeddable":true,"href":"https:\/\/virage.beer\/total\/wp-json\/wp\/v2\/media\/543"}],"wp:attachment":[{"href":"https:\/\/virage.beer\/total\/wp-json\/wp\/v2\/media?parent=56"}],"wp:term":[{"taxonomy":"product_brand","embeddable":true,"href":"https:\/\/virage.beer\/total\/wp-json\/wp\/v2\/product_brand?post=56"},{"taxonomy":"product_cat","embeddable":true,"href":"https:\/\/virage.beer\/total\/wp-json\/wp\/v2\/product_cat?post=56"},{"taxonomy":"product_tag","embeddable":true,"href":"https:\/\/virage.beer\/total\/wp-json\/wp\/v2\/product_tag?post=56"}],"curies":[{"name":"wp","href":"https:\/\/api.w.org\/{rel}","templated":true}]}}