{"id":507,"date":"2022-01-21T15:42:51","date_gmt":"2022-01-21T14:42:51","guid":{"rendered":"https:\/\/virage.beer\/total\/?post_type=product&#038;p=507"},"modified":"2026-02-17T14:04:23","modified_gmt":"2026-02-17T13:04:23","slug":"saison-fauve-originale","status":"publish","type":"product","link":"https:\/\/virage.beer\/total\/produit\/saison-fauve-originale\/","title":{"rendered":"Saison Fauve originale"},"content":{"rendered":"<p>Bi\u00e8re blonde de fermentation mixte. S\u00e8che et fruit\u00e9e.<\/p>\n","protected":false},"excerpt":{"rendered":"<p>5.9% vol. alc.<\/p>\n<p>6 x 33cL<\/p>\n","protected":false},"featured_media":834,"template":"","meta":[],"product_brand":[],"product_cat":[40,39,41],"product_tag":[],"class_list":{"0":"post-507","1":"product","2":"type-product","3":"status-publish","4":"has-post-thumbnail","6":"product_cat-33cl-bieres-speciales","7":"product_cat-bieres-speciales","8":"product_cat-brasserie","10":"first","11":"instock","12":"shipping-taxable","13":"purchasable","14":"product-type-simple"},"_links":{"self":[{"href":"https:\/\/virage.beer\/total\/wp-json\/wp\/v2\/product\/507","targetHints":{"allow":["GET"]}}],"collection":[{"href":"https:\/\/virage.beer\/total\/wp-json\/wp\/v2\/product"}],"about":[{"href":"https:\/\/virage.beer\/total\/wp-json\/wp\/v2\/types\/product"}],"wp:featuredmedia":[{"embeddable":true,"href":"https:\/\/virage.beer\/total\/wp-json\/wp\/v2\/media\/834"}],"wp:attachment":[{"href":"https:\/\/virage.beer\/total\/wp-json\/wp\/v2\/media?parent=507"}],"wp:term":[{"taxonomy":"product_brand","embeddable":true,"href":"https:\/\/virage.beer\/total\/wp-json\/wp\/v2\/product_brand?post=507"},{"taxonomy":"product_cat","embeddable":true,"href":"https:\/\/virage.beer\/total\/wp-json\/wp\/v2\/product_cat?post=507"},{"taxonomy":"product_tag","embeddable":true,"href":"https:\/\/virage.beer\/total\/wp-json\/wp\/v2\/product_tag?post=507"}],"curies":[{"name":"wp","href":"https:\/\/api.w.org\/{rel}","templated":true}]}}