{"id":506,"date":"2022-01-21T15:39:01","date_gmt":"2022-01-21T14:39:01","guid":{"rendered":"https:\/\/virage.beer\/total\/?post_type=product&#038;p=506"},"modified":"2026-02-17T14:04:52","modified_gmt":"2026-02-17T13:04:52","slug":"les-cyclistes-ipa-belge","status":"publish","type":"product","link":"https:\/\/virage.beer\/total\/produit\/les-cyclistes-ipa-belge\/","title":{"rendered":"Hoppy saison &#8211; Bi\u00e8re de soif Belge"},"content":{"rendered":"<p>Une petite bi\u00e8re de soif \u00e0 l&rsquo;accent belge! Historiquement brass\u00e9e pour les saisonniers afin d&rsquo;\u00e9tancher la soif apr\u00e8s une journ\u00e9e de travail dans les champs. Une bi\u00e8re blonde et s\u00e8che, d\u00e9licatement aromatis\u00e9e aux houblons nobles francais et allemands. Fruit\u00e9e, herbac\u00e9e et florale avec une petite touche de levure \u00e0 la belge.<\/p>\n<p>&nbsp;<\/p>\n<p>&nbsp;<\/p>\n<div id=\"simple-translate\" class=\"simple-translate-system-theme\">\n<div>\n<div class=\"simple-translate-button isShow\" style=\"background-image: url('moz-extension:\/\/ffaaa1f4-57ed-4bb0-b2ad-6099f0ff6ebe\/icons\/512.png'); height: 22px; width: 22px; top: 43px; left: 1208px;\"><\/div>\n<div class=\"simple-translate-panel \" style=\"width: 300px; height: 200px; top: 0px; left: 0px; font-size: 13px;\">\n<div class=\"simple-translate-result-wrapper\" style=\"overflow: hidden;\">\n<div class=\"simple-translate-move\" draggable=\"true\"><\/div>\n<div class=\"simple-translate-result-contents\">\n<p class=\"simple-translate-candidate\" dir=\"auto\">\n<\/div>\n<\/div>\n<\/div>\n<\/div>\n<\/div>\n","protected":false},"excerpt":{"rendered":"<p>5% vol. alc.<\/p>\n<p>6 x 33cL<\/p>\n","protected":false},"featured_media":839,"template":"","meta":[],"product_brand":[],"product_cat":[40,39,41],"product_tag":[],"class_list":{"0":"post-506","1":"product","2":"type-product","3":"status-publish","4":"has-post-thumbnail","6":"product_cat-33cl-bieres-speciales","7":"product_cat-bieres-speciales","8":"product_cat-brasserie","10":"first","11":"instock","12":"shipping-taxable","13":"purchasable","14":"product-type-simple"},"_links":{"self":[{"href":"https:\/\/virage.beer\/total\/wp-json\/wp\/v2\/product\/506","targetHints":{"allow":["GET"]}}],"collection":[{"href":"https:\/\/virage.beer\/total\/wp-json\/wp\/v2\/product"}],"about":[{"href":"https:\/\/virage.beer\/total\/wp-json\/wp\/v2\/types\/product"}],"wp:featuredmedia":[{"embeddable":true,"href":"https:\/\/virage.beer\/total\/wp-json\/wp\/v2\/media\/839"}],"wp:attachment":[{"href":"https:\/\/virage.beer\/total\/wp-json\/wp\/v2\/media?parent=506"}],"wp:term":[{"taxonomy":"product_brand","embeddable":true,"href":"https:\/\/virage.beer\/total\/wp-json\/wp\/v2\/product_brand?post=506"},{"taxonomy":"product_cat","embeddable":true,"href":"https:\/\/virage.beer\/total\/wp-json\/wp\/v2\/product_cat?post=506"},{"taxonomy":"product_tag","embeddable":true,"href":"https:\/\/virage.beer\/total\/wp-json\/wp\/v2\/product_tag?post=506"}],"curies":[{"name":"wp","href":"https:\/\/api.w.org\/{rel}","templated":true}]}}