{"id":467,"date":"2021-10-28T14:19:37","date_gmt":"2021-10-28T12:19:37","guid":{"rendered":"https:\/\/virage.beer\/total\/?post_type=product&#038;p=467"},"modified":"2025-11-15T14:32:59","modified_gmt":"2025-11-15T13:32:59","slug":"harrow-sweet","status":"publish","type":"product","link":"https:\/\/virage.beer\/total\/produit\/harrow-sweet\/","title":{"rendered":"Harrow Sweet"},"content":{"rendered":"<p>La poire Harrow Sweet aromatique et sucr\u00e9e est fruit\u00e9e, intense et complexe au nez. Palais puissant et \u00e9l\u00e9gant avec des touches sucr\u00e9es de miel. \u00c9lue meilleure eaux-de-vie de poire au concours Distisuisse 2025\/2026.<\/p>\n<p>M\u00e9daille d&rsquo;or et vainqueur de cat\u00e9gorie au concours <a href=\"https:\/\/distisuisse.ch\/produkt\/eau-de-vie-de-poire-harrow-sweet\/\">DistiSuisse 2025-2026<\/a>.<\/p>\n","protected":false},"excerpt":{"rendered":"<p>41% vol. alc.<\/p>\n<p>50cl<\/p>\n","protected":false},"featured_media":542,"template":"","meta":[],"product_brand":[],"product_cat":[23,17,19],"product_tag":[],"class_list":{"0":"post-467","1":"product","2":"type-product","3":"status-publish","4":"has-post-thumbnail","6":"product_cat-50cl","7":"product_cat-distillerie","8":"product_cat-pepin","10":"first","11":"instock","12":"shipping-taxable","13":"purchasable","14":"product-type-simple"},"_links":{"self":[{"href":"https:\/\/virage.beer\/total\/wp-json\/wp\/v2\/product\/467","targetHints":{"allow":["GET"]}}],"collection":[{"href":"https:\/\/virage.beer\/total\/wp-json\/wp\/v2\/product"}],"about":[{"href":"https:\/\/virage.beer\/total\/wp-json\/wp\/v2\/types\/product"}],"wp:featuredmedia":[{"embeddable":true,"href":"https:\/\/virage.beer\/total\/wp-json\/wp\/v2\/media\/542"}],"wp:attachment":[{"href":"https:\/\/virage.beer\/total\/wp-json\/wp\/v2\/media?parent=467"}],"wp:term":[{"taxonomy":"product_brand","embeddable":true,"href":"https:\/\/virage.beer\/total\/wp-json\/wp\/v2\/product_brand?post=467"},{"taxonomy":"product_cat","embeddable":true,"href":"https:\/\/virage.beer\/total\/wp-json\/wp\/v2\/product_cat?post=467"},{"taxonomy":"product_tag","embeddable":true,"href":"https:\/\/virage.beer\/total\/wp-json\/wp\/v2\/product_tag?post=467"}],"curies":[{"name":"wp","href":"https:\/\/api.w.org\/{rel}","templated":true}]}}