{"id":463,"date":"2021-10-22T16:36:16","date_gmt":"2021-10-22T14:36:16","guid":{"rendered":"https:\/\/virage.beer\/total\/?post_type=product&#038;p=463"},"modified":"2026-02-17T14:06:56","modified_gmt":"2026-02-17T13:06:56","slug":"double-ipa-lemanvirage","status":"publish","type":"product","link":"https:\/\/virage.beer\/total\/produit\/double-ipa-lemanvirage\/","title":{"rendered":"Berliner Weiss Citron"},"content":{"rendered":"<p><span style=\"font-family: Liberation Serif, serif;\"><span style=\"font-size: medium;\">Une bi\u00e8re acide, l\u00e9g\u00e8re en alcool et aromatis\u00e9e au citron. En \u00e9dition tr\u00e8s limit\u00e9e.<\/span><\/span><\/p>\n","protected":false},"excerpt":{"rendered":"<p>3% vol. alc.<br \/>\n6 x 33 cl<\/p>\n","protected":false},"featured_media":842,"template":"","meta":[],"product_brand":[],"product_cat":[40,39,41],"product_tag":[],"class_list":{"0":"post-463","1":"product","2":"type-product","3":"status-publish","4":"has-post-thumbnail","6":"product_cat-33cl-bieres-speciales","7":"product_cat-bieres-speciales","8":"product_cat-brasserie","10":"first","11":"instock","12":"shipping-taxable","13":"purchasable","14":"product-type-simple"},"_links":{"self":[{"href":"https:\/\/virage.beer\/total\/wp-json\/wp\/v2\/product\/463","targetHints":{"allow":["GET"]}}],"collection":[{"href":"https:\/\/virage.beer\/total\/wp-json\/wp\/v2\/product"}],"about":[{"href":"https:\/\/virage.beer\/total\/wp-json\/wp\/v2\/types\/product"}],"wp:featuredmedia":[{"embeddable":true,"href":"https:\/\/virage.beer\/total\/wp-json\/wp\/v2\/media\/842"}],"wp:attachment":[{"href":"https:\/\/virage.beer\/total\/wp-json\/wp\/v2\/media?parent=463"}],"wp:term":[{"taxonomy":"product_brand","embeddable":true,"href":"https:\/\/virage.beer\/total\/wp-json\/wp\/v2\/product_brand?post=463"},{"taxonomy":"product_cat","embeddable":true,"href":"https:\/\/virage.beer\/total\/wp-json\/wp\/v2\/product_cat?post=463"},{"taxonomy":"product_tag","embeddable":true,"href":"https:\/\/virage.beer\/total\/wp-json\/wp\/v2\/product_tag?post=463"}],"curies":[{"name":"wp","href":"https:\/\/api.w.org\/{rel}","templated":true}]}}