{"id":436,"date":"2021-09-30T15:25:37","date_gmt":"2021-09-30T13:25:37","guid":{"rendered":"https:\/\/virage.beer\/total\/?post_type=product&#038;p=436"},"modified":"2025-07-11T12:01:54","modified_gmt":"2025-07-11T10:01:54","slug":"gamay-du-rouge-gorge-2","status":"publish","type":"product","link":"https:\/\/virage.beer\/total\/produit\/gamay-du-rouge-gorge-2\/","title":{"rendered":"Gamay du Rouge-gorge 2021"},"content":{"rendered":"<p>Vin de Pays Romand, 2021<\/p>\n<p>Sans sulfites ajout\u00e9s.<\/p>\n<p>&nbsp;<\/p>\n","protected":false},"excerpt":{"rendered":"<p>12.5% vol. alc.<\/p>\n<p>75cl<\/p>\n<p>Bouteille consign\u00e9e &#8211; 50cts int\u00e9gr\u00e9s dans le prix<\/p>\n","protected":false},"featured_media":452,"template":"","meta":[],"product_brand":[],"product_cat":[31],"product_tag":[],"class_list":{"0":"post-436","1":"product","2":"type-product","3":"status-publish","4":"has-post-thumbnail","6":"product_cat-vin","8":"first","9":"instock","10":"shipping-taxable","11":"purchasable","12":"product-type-simple"},"_links":{"self":[{"href":"https:\/\/virage.beer\/total\/wp-json\/wp\/v2\/product\/436","targetHints":{"allow":["GET"]}}],"collection":[{"href":"https:\/\/virage.beer\/total\/wp-json\/wp\/v2\/product"}],"about":[{"href":"https:\/\/virage.beer\/total\/wp-json\/wp\/v2\/types\/product"}],"wp:featuredmedia":[{"embeddable":true,"href":"https:\/\/virage.beer\/total\/wp-json\/wp\/v2\/media\/452"}],"wp:attachment":[{"href":"https:\/\/virage.beer\/total\/wp-json\/wp\/v2\/media?parent=436"}],"wp:term":[{"taxonomy":"product_brand","embeddable":true,"href":"https:\/\/virage.beer\/total\/wp-json\/wp\/v2\/product_brand?post=436"},{"taxonomy":"product_cat","embeddable":true,"href":"https:\/\/virage.beer\/total\/wp-json\/wp\/v2\/product_cat?post=436"},{"taxonomy":"product_tag","embeddable":true,"href":"https:\/\/virage.beer\/total\/wp-json\/wp\/v2\/product_tag?post=436"}],"curies":[{"name":"wp","href":"https:\/\/api.w.org\/{rel}","templated":true}]}}