{"id":429,"date":"2021-09-30T14:51:25","date_gmt":"2021-09-30T12:51:25","guid":{"rendered":"https:\/\/virage.beer\/total\/?post_type=product&#038;p=429"},"modified":"2026-02-17T14:08:19","modified_gmt":"2026-02-17T13:08:19","slug":"rouge-des-flandres-extra-vieille","status":"publish","type":"product","link":"https:\/\/virage.beer\/total\/produit\/rouge-des-flandres-extra-vieille\/","title":{"rendered":"Berliner Weiss Verveine Thym"},"content":{"rendered":"<p><span style=\"font-family: Liberation Serif, serif;\"><span style=\"font-size: medium;\">Une bi\u00e8re acide, l\u00e9g\u00e8re en alcool et aromatis\u00e9e \u00e0 la verveine et au thym. En \u00e9dition tr\u00e8s limit\u00e9e.<\/span><\/span><\/p>\n<div id=\"simple-translate\" class=\"simple-translate-system-theme\">\n<div>\n<div class=\"simple-translate-button isShow\" style=\"background-image: url('moz-extension:\/\/ffaaa1f4-57ed-4bb0-b2ad-6099f0ff6ebe\/icons\/512.png'); height: 22px; width: 22px; top: 74px; left: 321px;\"><\/div>\n<div class=\"simple-translate-panel \" style=\"width: 300px; height: 200px; top: 0px; left: 0px; font-size: 13px;\">\n<div class=\"simple-translate-result-wrapper\" style=\"overflow: hidden;\">\n<div class=\"simple-translate-move\" draggable=\"true\"><\/div>\n<div class=\"simple-translate-result-contents\">\n<p class=\"simple-translate-candidate\" dir=\"auto\">\n<\/div>\n<\/div>\n<\/div>\n<\/div>\n<\/div>\n","protected":false},"excerpt":{"rendered":"<p>7.8% vol. alc.<\/p>\n<p>6 x 33cL<\/p>\n","protected":false},"featured_media":843,"template":"","meta":[],"product_brand":[],"product_cat":[40,39,41],"product_tag":[],"class_list":{"0":"post-429","1":"product","2":"type-product","3":"status-publish","4":"has-post-thumbnail","6":"product_cat-33cl-bieres-speciales","7":"product_cat-bieres-speciales","8":"product_cat-brasserie","10":"first","11":"instock","12":"shipping-taxable","13":"purchasable","14":"product-type-simple"},"_links":{"self":[{"href":"https:\/\/virage.beer\/total\/wp-json\/wp\/v2\/product\/429","targetHints":{"allow":["GET"]}}],"collection":[{"href":"https:\/\/virage.beer\/total\/wp-json\/wp\/v2\/product"}],"about":[{"href":"https:\/\/virage.beer\/total\/wp-json\/wp\/v2\/types\/product"}],"wp:featuredmedia":[{"embeddable":true,"href":"https:\/\/virage.beer\/total\/wp-json\/wp\/v2\/media\/843"}],"wp:attachment":[{"href":"https:\/\/virage.beer\/total\/wp-json\/wp\/v2\/media?parent=429"}],"wp:term":[{"taxonomy":"product_brand","embeddable":true,"href":"https:\/\/virage.beer\/total\/wp-json\/wp\/v2\/product_brand?post=429"},{"taxonomy":"product_cat","embeddable":true,"href":"https:\/\/virage.beer\/total\/wp-json\/wp\/v2\/product_cat?post=429"},{"taxonomy":"product_tag","embeddable":true,"href":"https:\/\/virage.beer\/total\/wp-json\/wp\/v2\/product_tag?post=429"}],"curies":[{"name":"wp","href":"https:\/\/api.w.org\/{rel}","templated":true}]}}