{"id":41,"date":"2020-05-08T14:52:30","date_gmt":"2020-05-08T12:52:30","guid":{"rendered":"https:\/\/virage.beer\/total\/?post_type=product&#038;p=41"},"modified":"2023-08-19T10:32:32","modified_gmt":"2023-08-19T08:32:32","slug":"marc-monocepage","status":"publish","type":"product","link":"https:\/\/virage.beer\/total\/produit\/marc-monocepage\/","title":{"rendered":"Marc de Merlot"},"content":{"rendered":"<p>Marc de Gewurstraminer, de Pinot noir ou de Merlot<\/p>\n<p><i>Des marcs qui expriment leur c\u00e9page \u00e0 partir des raisins press\u00e9s de notre cave<\/i><\/p>\n<p>Nez: selon<\/p>\n<p>Bouche: typiques et sp\u00e9cifiques<\/p>\n","protected":false},"excerpt":{"rendered":"<p>50cl<\/p>\n","protected":false},"featured_media":554,"template":"","meta":[],"product_brand":[],"product_cat":[23,17,20],"product_tag":[],"class_list":{"0":"post-41","1":"product","2":"type-product","3":"status-publish","4":"has-post-thumbnail","6":"product_cat-50cl","7":"product_cat-distillerie","8":"product_cat-raisin","10":"first","11":"instock","12":"shipping-taxable","13":"purchasable","14":"product-type-simple"},"_links":{"self":[{"href":"https:\/\/virage.beer\/total\/wp-json\/wp\/v2\/product\/41","targetHints":{"allow":["GET"]}}],"collection":[{"href":"https:\/\/virage.beer\/total\/wp-json\/wp\/v2\/product"}],"about":[{"href":"https:\/\/virage.beer\/total\/wp-json\/wp\/v2\/types\/product"}],"wp:featuredmedia":[{"embeddable":true,"href":"https:\/\/virage.beer\/total\/wp-json\/wp\/v2\/media\/554"}],"wp:attachment":[{"href":"https:\/\/virage.beer\/total\/wp-json\/wp\/v2\/media?parent=41"}],"wp:term":[{"taxonomy":"product_brand","embeddable":true,"href":"https:\/\/virage.beer\/total\/wp-json\/wp\/v2\/product_brand?post=41"},{"taxonomy":"product_cat","embeddable":true,"href":"https:\/\/virage.beer\/total\/wp-json\/wp\/v2\/product_cat?post=41"},{"taxonomy":"product_tag","embeddable":true,"href":"https:\/\/virage.beer\/total\/wp-json\/wp\/v2\/product_tag?post=41"}],"curies":[{"name":"wp","href":"https:\/\/api.w.org\/{rel}","templated":true}]}}