{"id":39,"date":"2020-05-08T14:50:23","date_gmt":"2020-05-08T12:50:23","guid":{"rendered":"https:\/\/virage.beer\/total\/?post_type=product&#038;p=39"},"modified":"2023-08-19T10:32:42","modified_gmt":"2023-08-19T08:32:42","slug":"pomme","status":"publish","type":"product","link":"https:\/\/virage.beer\/total\/produit\/pomme\/","title":{"rendered":"Pomme"},"content":{"rendered":"<p><i>Distillat de diff\u00e9rentes vari\u00e9t\u00e9s de pomme<\/i><\/p>\n<p>Nez: fruit\u00e9, frais<\/p>\n<p>Bouche: rond, pomme m\u00fbre, l\u00e9g\u00e8rement herbac\u00e9e<\/p>\n","protected":false},"excerpt":{"rendered":"<p>70cl<\/p>\n","protected":false},"featured_media":566,"template":"","meta":[],"product_brand":[],"product_cat":[24,17,19],"product_tag":[],"class_list":{"0":"post-39","1":"product","2":"type-product","3":"status-publish","4":"has-post-thumbnail","6":"product_cat-70cl","7":"product_cat-distillerie","8":"product_cat-pepin","10":"first","11":"instock","12":"shipping-taxable","13":"purchasable","14":"product-type-simple"},"_links":{"self":[{"href":"https:\/\/virage.beer\/total\/wp-json\/wp\/v2\/product\/39","targetHints":{"allow":["GET"]}}],"collection":[{"href":"https:\/\/virage.beer\/total\/wp-json\/wp\/v2\/product"}],"about":[{"href":"https:\/\/virage.beer\/total\/wp-json\/wp\/v2\/types\/product"}],"wp:featuredmedia":[{"embeddable":true,"href":"https:\/\/virage.beer\/total\/wp-json\/wp\/v2\/media\/566"}],"wp:attachment":[{"href":"https:\/\/virage.beer\/total\/wp-json\/wp\/v2\/media?parent=39"}],"wp:term":[{"taxonomy":"product_brand","embeddable":true,"href":"https:\/\/virage.beer\/total\/wp-json\/wp\/v2\/product_brand?post=39"},{"taxonomy":"product_cat","embeddable":true,"href":"https:\/\/virage.beer\/total\/wp-json\/wp\/v2\/product_cat?post=39"},{"taxonomy":"product_tag","embeddable":true,"href":"https:\/\/virage.beer\/total\/wp-json\/wp\/v2\/product_tag?post=39"}],"curies":[{"name":"wp","href":"https:\/\/api.w.org\/{rel}","templated":true}]}}