{"id":26,"date":"2020-05-08T14:21:43","date_gmt":"2020-05-08T12:21:43","guid":{"rendered":"https:\/\/virage.beer\/total\/?post_type=product&#038;p=26"},"modified":"2023-08-19T10:33:16","modified_gmt":"2023-08-19T08:33:16","slug":"golden-white","status":"publish","type":"product","link":"https:\/\/virage.beer\/total\/produit\/golden-white\/","title":{"rendered":"Golden White"},"content":{"rendered":"<p><i>Grande fra\u00eecheur au nez, ar\u00f4mes de pomme m\u00fbre et de banane en bouche. Le tout persiste dans une finale l\u00e9g\u00e8rement herbac\u00e9e, ronde et chaleureuse.<\/i><\/p>\n<p>Nez: frais fruit\u00e9<\/p>\n<p>Bouche: Golden m\u00fbre, rond<\/p>\n","protected":false},"excerpt":{"rendered":"<p>50cl<\/p>\n","protected":false},"featured_media":557,"template":"","meta":[],"product_brand":[],"product_cat":[23,17,19],"product_tag":[],"class_list":{"0":"post-26","1":"product","2":"type-product","3":"status-publish","4":"has-post-thumbnail","6":"product_cat-50cl","7":"product_cat-distillerie","8":"product_cat-pepin","10":"first","11":"instock","12":"shipping-taxable","13":"purchasable","14":"product-type-simple"},"_links":{"self":[{"href":"https:\/\/virage.beer\/total\/wp-json\/wp\/v2\/product\/26","targetHints":{"allow":["GET"]}}],"collection":[{"href":"https:\/\/virage.beer\/total\/wp-json\/wp\/v2\/product"}],"about":[{"href":"https:\/\/virage.beer\/total\/wp-json\/wp\/v2\/types\/product"}],"wp:featuredmedia":[{"embeddable":true,"href":"https:\/\/virage.beer\/total\/wp-json\/wp\/v2\/media\/557"}],"wp:attachment":[{"href":"https:\/\/virage.beer\/total\/wp-json\/wp\/v2\/media?parent=26"}],"wp:term":[{"taxonomy":"product_brand","embeddable":true,"href":"https:\/\/virage.beer\/total\/wp-json\/wp\/v2\/product_brand?post=26"},{"taxonomy":"product_cat","embeddable":true,"href":"https:\/\/virage.beer\/total\/wp-json\/wp\/v2\/product_cat?post=26"},{"taxonomy":"product_tag","embeddable":true,"href":"https:\/\/virage.beer\/total\/wp-json\/wp\/v2\/product_tag?post=26"}],"curies":[{"name":"wp","href":"https:\/\/api.w.org\/{rel}","templated":true}]}}