{"id":22,"date":"2020-05-08T14:19:35","date_gmt":"2020-05-08T12:19:35","guid":{"rendered":"https:\/\/virage.beer\/total\/?post_type=product&#038;p=22"},"modified":"2025-11-15T14:48:13","modified_gmt":"2025-11-15T13:48:13","slug":"pruneau-buhler","status":"publish","type":"product","link":"https:\/\/virage.beer\/total\/produit\/pruneau-buhler\/","title":{"rendered":"Pruneau B\u00fchler"},"content":{"rendered":"<p><i>Petit pruneau pr\u00e9coce et savoureux, cueilli sur des arbres de notre verger bien ancr\u00e9s dans le terroir<\/i><\/p>\n<p>Nez: cannelle, violette, min\u00e9ral<\/p>\n<p>Bouche: massepain, poivr\u00e9<\/p>\n<p>M\u00e9daille d&rsquo;argent au<a href=\"https:\/\/distisuisse.ch\/produkt\/eau-de-vie-de-pruneau-buehler\/\"> concours Distisuisse 2025\/2026<\/a>.<\/p>\n","protected":false},"excerpt":{"rendered":"<p>37.5 cl<\/p>\n","protected":false},"featured_media":547,"template":"","meta":[],"product_brand":[],"product_cat":[25,17,18],"product_tag":[],"class_list":{"0":"post-22","1":"product","2":"type-product","3":"status-publish","4":"has-post-thumbnail","6":"product_cat-37-5cl","7":"product_cat-distillerie","8":"product_cat-noyau","10":"first","11":"instock","12":"shipping-taxable","13":"purchasable","14":"product-type-simple"},"_links":{"self":[{"href":"https:\/\/virage.beer\/total\/wp-json\/wp\/v2\/product\/22","targetHints":{"allow":["GET"]}}],"collection":[{"href":"https:\/\/virage.beer\/total\/wp-json\/wp\/v2\/product"}],"about":[{"href":"https:\/\/virage.beer\/total\/wp-json\/wp\/v2\/types\/product"}],"wp:featuredmedia":[{"embeddable":true,"href":"https:\/\/virage.beer\/total\/wp-json\/wp\/v2\/media\/547"}],"wp:attachment":[{"href":"https:\/\/virage.beer\/total\/wp-json\/wp\/v2\/media?parent=22"}],"wp:term":[{"taxonomy":"product_brand","embeddable":true,"href":"https:\/\/virage.beer\/total\/wp-json\/wp\/v2\/product_brand?post=22"},{"taxonomy":"product_cat","embeddable":true,"href":"https:\/\/virage.beer\/total\/wp-json\/wp\/v2\/product_cat?post=22"},{"taxonomy":"product_tag","embeddable":true,"href":"https:\/\/virage.beer\/total\/wp-json\/wp\/v2\/product_tag?post=22"}],"curies":[{"name":"wp","href":"https:\/\/api.w.org\/{rel}","templated":true}]}}