{"id":205,"date":"2020-05-28T11:48:48","date_gmt":"2020-05-28T09:48:48","guid":{"rendered":"https:\/\/virage.beer\/total\/?post_type=product&#038;p=205"},"modified":"2025-07-11T12:03:08","modified_gmt":"2025-07-11T10:03:08","slug":"chasselas-du-rouge-gorge","status":"publish","type":"product","link":"https:\/\/virage.beer\/total\/produit\/chasselas-du-rouge-gorge\/","title":{"rendered":"Chasselas du Rouge-Gorge"},"content":{"rendered":"<p><span style=\"font-family: Georgia, serif;\"><b>Vin de Pays Romand, 2022 <\/b><\/span><\/p>\n<p>Vinification sur lies, nez fruit\u00e9, p\u00e9tillant, glouglou, sans sulfites ajout\u00e9s.<\/p>\n","protected":false},"excerpt":{"rendered":"<p>11.5% vol<\/p>\n<p>75 cl<\/p>\n<p>Bouteille consign\u00e9e &#8211; 50cts inclus dans le prix<\/p>\n","protected":false},"featured_media":206,"template":"","meta":[],"product_brand":[],"product_cat":[31],"product_tag":[],"class_list":{"0":"post-205","1":"product","2":"type-product","3":"status-publish","4":"has-post-thumbnail","6":"product_cat-vin","8":"first","9":"outofstock","10":"featured","11":"shipping-taxable","12":"purchasable","13":"product-type-simple"},"_links":{"self":[{"href":"https:\/\/virage.beer\/total\/wp-json\/wp\/v2\/product\/205","targetHints":{"allow":["GET"]}}],"collection":[{"href":"https:\/\/virage.beer\/total\/wp-json\/wp\/v2\/product"}],"about":[{"href":"https:\/\/virage.beer\/total\/wp-json\/wp\/v2\/types\/product"}],"wp:featuredmedia":[{"embeddable":true,"href":"https:\/\/virage.beer\/total\/wp-json\/wp\/v2\/media\/206"}],"wp:attachment":[{"href":"https:\/\/virage.beer\/total\/wp-json\/wp\/v2\/media?parent=205"}],"wp:term":[{"taxonomy":"product_brand","embeddable":true,"href":"https:\/\/virage.beer\/total\/wp-json\/wp\/v2\/product_brand?post=205"},{"taxonomy":"product_cat","embeddable":true,"href":"https:\/\/virage.beer\/total\/wp-json\/wp\/v2\/product_cat?post=205"},{"taxonomy":"product_tag","embeddable":true,"href":"https:\/\/virage.beer\/total\/wp-json\/wp\/v2\/product_tag?post=205"}],"curies":[{"name":"wp","href":"https:\/\/api.w.org\/{rel}","templated":true}]}}