{"id":200,"date":"2020-05-21T17:14:41","date_gmt":"2020-05-21T15:14:41","guid":{"rendered":"https:\/\/virage.beer\/total\/?post_type=product&#038;p=200"},"modified":"2026-02-03T16:03:12","modified_gmt":"2026-02-03T15:03:12","slug":"unicorne-session-ipa","status":"publish","type":"product","link":"https:\/\/virage.beer\/total\/produit\/unicorne-session-ipa\/","title":{"rendered":"Unicorne &#8211; Session IPA"},"content":{"rendered":"<p>L\u2019Unicorne est une bi\u00e8re l\u00e9g\u00e8re en alcool mais forte en go\u00fbt. Massivement houblonn\u00e9e au Mosaic et Wai-Iti, elle m\u00eale des saveurs d\u2019agrumes avec une franche amertume. Tr\u00e8s buvable \u00e0 3.8% vol. alc.<\/p>\n","protected":false},"excerpt":{"rendered":"<p>3.8% vol. alc.<\/p>\n<p>6 x 33cl<\/p>\n<p>&nbsp;<\/p>\n","protected":false},"featured_media":827,"template":"","meta":[],"product_brand":[],"product_cat":[37,36],"product_tag":[],"class_list":{"0":"post-200","1":"product","2":"type-product","3":"status-publish","4":"has-post-thumbnail","6":"product_cat-33cl","7":"product_cat-bieres-regulieres","9":"first","10":"instock","11":"shipping-taxable","12":"purchasable","13":"product-type-simple"},"_links":{"self":[{"href":"https:\/\/virage.beer\/total\/wp-json\/wp\/v2\/product\/200","targetHints":{"allow":["GET"]}}],"collection":[{"href":"https:\/\/virage.beer\/total\/wp-json\/wp\/v2\/product"}],"about":[{"href":"https:\/\/virage.beer\/total\/wp-json\/wp\/v2\/types\/product"}],"wp:featuredmedia":[{"embeddable":true,"href":"https:\/\/virage.beer\/total\/wp-json\/wp\/v2\/media\/827"}],"wp:attachment":[{"href":"https:\/\/virage.beer\/total\/wp-json\/wp\/v2\/media?parent=200"}],"wp:term":[{"taxonomy":"product_brand","embeddable":true,"href":"https:\/\/virage.beer\/total\/wp-json\/wp\/v2\/product_brand?post=200"},{"taxonomy":"product_cat","embeddable":true,"href":"https:\/\/virage.beer\/total\/wp-json\/wp\/v2\/product_cat?post=200"},{"taxonomy":"product_tag","embeddable":true,"href":"https:\/\/virage.beer\/total\/wp-json\/wp\/v2\/product_tag?post=200"}],"curies":[{"name":"wp","href":"https:\/\/api.w.org\/{rel}","templated":true}]}}