{"id":196,"date":"2020-05-21T17:08:43","date_gmt":"2020-05-21T15:08:43","guid":{"rendered":"https:\/\/virage.beer\/total\/?post_type=product&#038;p=196"},"modified":"2026-02-03T16:09:54","modified_gmt":"2026-02-03T15:09:54","slug":"etincelle-ambree","status":"publish","type":"product","link":"https:\/\/virage.beer\/total\/produit\/etincelle-ambree\/","title":{"rendered":"Etincelle &#8211; Ambr\u00e9e"},"content":{"rendered":"<p>L\u2019\u00c9tincelle est une bi\u00e8re lager ambr\u00e9e brass\u00e9e avec des malts genevois et infus\u00e9e au houblon Spalter. Une bi\u00e8re \u00e0 la levure belge qui c\u00e9l\u00e8bre les c\u00e9r\u00e9ales malt\u00e9es locales. 5.5% vol. alc.<\/p>\n","protected":false},"excerpt":{"rendered":"<p>5.5% vol. alc.<\/p>\n<p>6 x 33cl<\/p>\n","protected":false},"featured_media":830,"template":"","meta":[],"product_brand":[],"product_cat":[37,36,41],"product_tag":[],"class_list":{"0":"post-196","1":"product","2":"type-product","3":"status-publish","4":"has-post-thumbnail","6":"product_cat-33cl","7":"product_cat-bieres-regulieres","8":"product_cat-brasserie","10":"first","11":"instock","12":"shipping-taxable","13":"purchasable","14":"product-type-simple"},"_links":{"self":[{"href":"https:\/\/virage.beer\/total\/wp-json\/wp\/v2\/product\/196","targetHints":{"allow":["GET"]}}],"collection":[{"href":"https:\/\/virage.beer\/total\/wp-json\/wp\/v2\/product"}],"about":[{"href":"https:\/\/virage.beer\/total\/wp-json\/wp\/v2\/types\/product"}],"wp:featuredmedia":[{"embeddable":true,"href":"https:\/\/virage.beer\/total\/wp-json\/wp\/v2\/media\/830"}],"wp:attachment":[{"href":"https:\/\/virage.beer\/total\/wp-json\/wp\/v2\/media?parent=196"}],"wp:term":[{"taxonomy":"product_brand","embeddable":true,"href":"https:\/\/virage.beer\/total\/wp-json\/wp\/v2\/product_brand?post=196"},{"taxonomy":"product_cat","embeddable":true,"href":"https:\/\/virage.beer\/total\/wp-json\/wp\/v2\/product_cat?post=196"},{"taxonomy":"product_tag","embeddable":true,"href":"https:\/\/virage.beer\/total\/wp-json\/wp\/v2\/product_tag?post=196"}],"curies":[{"name":"wp","href":"https:\/\/api.w.org\/{rel}","templated":true}]}}