{"id":19,"date":"2020-05-06T17:10:48","date_gmt":"2020-05-06T15:10:48","guid":{"rendered":"https:\/\/virage.beer\/total\/?post_type=product&#038;p=19"},"modified":"2023-08-19T10:33:48","modified_gmt":"2023-08-19T08:33:48","slug":"grappin","status":"publish","type":"product","link":"https:\/\/virage.beer\/total\/produit\/grappin\/","title":{"rendered":"Grappin"},"content":{"rendered":"<p><i>Eau-de-vie de raisin genevois<\/i><\/p>\n<p>Nez: fruit\u00e9, herbes ar\u00f4matiques s\u00e9ch\u00e9es, framboise, rose<\/p>\n<p>Bouche: sucr\u00e9, frais, charpent\u00e9<\/p>\n","protected":false},"excerpt":{"rendered":"<p>50cl<\/p>\n","protected":false},"featured_media":555,"template":"","meta":[],"product_brand":[],"product_cat":[23,17,20],"product_tag":[],"class_list":{"0":"post-19","1":"product","2":"type-product","3":"status-publish","4":"has-post-thumbnail","6":"product_cat-50cl","7":"product_cat-distillerie","8":"product_cat-raisin","10":"first","11":"instock","12":"shipping-taxable","13":"purchasable","14":"product-type-simple"},"_links":{"self":[{"href":"https:\/\/virage.beer\/total\/wp-json\/wp\/v2\/product\/19","targetHints":{"allow":["GET"]}}],"collection":[{"href":"https:\/\/virage.beer\/total\/wp-json\/wp\/v2\/product"}],"about":[{"href":"https:\/\/virage.beer\/total\/wp-json\/wp\/v2\/types\/product"}],"wp:featuredmedia":[{"embeddable":true,"href":"https:\/\/virage.beer\/total\/wp-json\/wp\/v2\/media\/555"}],"wp:attachment":[{"href":"https:\/\/virage.beer\/total\/wp-json\/wp\/v2\/media?parent=19"}],"wp:term":[{"taxonomy":"product_brand","embeddable":true,"href":"https:\/\/virage.beer\/total\/wp-json\/wp\/v2\/product_brand?post=19"},{"taxonomy":"product_cat","embeddable":true,"href":"https:\/\/virage.beer\/total\/wp-json\/wp\/v2\/product_cat?post=19"},{"taxonomy":"product_tag","embeddable":true,"href":"https:\/\/virage.beer\/total\/wp-json\/wp\/v2\/product_tag?post=19"}],"curies":[{"name":"wp","href":"https:\/\/api.w.org\/{rel}","templated":true}]}}