{"id":183,"date":"2020-05-20T20:44:25","date_gmt":"2020-05-20T18:44:25","guid":{"rendered":"https:\/\/virage.beer\/total\/?post_type=product&#038;p=183"},"modified":"2026-02-03T16:11:43","modified_gmt":"2026-02-03T15:11:43","slug":"bicorne-ipa","status":"publish","type":"product","link":"https:\/\/virage.beer\/total\/produit\/bicorne-ipa\/","title":{"rendered":"Bicorne &#8211; IPA"},"content":{"rendered":"<p>La Bicorne est une bi\u00e8re de style India Pale Ale massivement houblonn\u00e9e \u00e0 l\u2019Amarillo et au Vic Secret. Une bi\u00e8re qui m\u00eale des saveurs fruit\u00e9es intenses avec une franche amertume. 6.4% vol. alc.<\/p>\n","protected":false},"excerpt":{"rendered":"<p>6.4% vol. alc.<\/p>\n<p>6 x 33cl<\/p>\n","protected":false},"featured_media":832,"template":"","meta":[],"product_brand":[],"product_cat":[37,36,41],"product_tag":[],"class_list":{"0":"post-183","1":"product","2":"type-product","3":"status-publish","4":"has-post-thumbnail","6":"product_cat-33cl","7":"product_cat-bieres-regulieres","8":"product_cat-brasserie","10":"first","11":"instock","12":"shipping-taxable","13":"purchasable","14":"product-type-simple"},"_links":{"self":[{"href":"https:\/\/virage.beer\/total\/wp-json\/wp\/v2\/product\/183","targetHints":{"allow":["GET"]}}],"collection":[{"href":"https:\/\/virage.beer\/total\/wp-json\/wp\/v2\/product"}],"about":[{"href":"https:\/\/virage.beer\/total\/wp-json\/wp\/v2\/types\/product"}],"wp:featuredmedia":[{"embeddable":true,"href":"https:\/\/virage.beer\/total\/wp-json\/wp\/v2\/media\/832"}],"wp:attachment":[{"href":"https:\/\/virage.beer\/total\/wp-json\/wp\/v2\/media?parent=183"}],"wp:term":[{"taxonomy":"product_brand","embeddable":true,"href":"https:\/\/virage.beer\/total\/wp-json\/wp\/v2\/product_brand?post=183"},{"taxonomy":"product_cat","embeddable":true,"href":"https:\/\/virage.beer\/total\/wp-json\/wp\/v2\/product_cat?post=183"},{"taxonomy":"product_tag","embeddable":true,"href":"https:\/\/virage.beer\/total\/wp-json\/wp\/v2\/product_tag?post=183"}],"curies":[{"name":"wp","href":"https:\/\/api.w.org\/{rel}","templated":true}]}}