{"id":179,"date":"2020-05-20T20:30:54","date_gmt":"2020-05-20T18:30:54","guid":{"rendered":"https:\/\/virage.beer\/total\/?post_type=product&#038;p=179"},"modified":"2026-02-03T16:13:42","modified_gmt":"2026-02-03T15:13:42","slug":"tangente-pale-ale","status":"publish","type":"product","link":"https:\/\/virage.beer\/total\/produit\/tangente-pale-ale\/","title":{"rendered":"Tangente &#8211; Pale Ale"},"content":{"rendered":"<p>Une bi\u00e8re blonde de soif infus\u00e9e<br \/>\n\u00e0 cru au houblon Centennial et Mosaic. Une pale ale fruit\u00e9e,<br \/>\ns\u00e8che et l\u00e9g\u00e8re avec une amertume franche. \u00c0 boire en toutes occasions. 5% vol. alc.<\/p>\n","protected":false},"excerpt":{"rendered":"<p>5% vol. alc.<\/p>\n<p>6 x 33cl<\/p>\n","protected":false},"featured_media":833,"template":"","meta":[],"product_brand":[],"product_cat":[37,36],"product_tag":[],"class_list":{"0":"post-179","1":"product","2":"type-product","3":"status-publish","4":"has-post-thumbnail","6":"product_cat-33cl","7":"product_cat-bieres-regulieres","9":"first","10":"instock","11":"shipping-taxable","12":"purchasable","13":"product-type-simple"},"_links":{"self":[{"href":"https:\/\/virage.beer\/total\/wp-json\/wp\/v2\/product\/179","targetHints":{"allow":["GET"]}}],"collection":[{"href":"https:\/\/virage.beer\/total\/wp-json\/wp\/v2\/product"}],"about":[{"href":"https:\/\/virage.beer\/total\/wp-json\/wp\/v2\/types\/product"}],"wp:featuredmedia":[{"embeddable":true,"href":"https:\/\/virage.beer\/total\/wp-json\/wp\/v2\/media\/833"}],"wp:attachment":[{"href":"https:\/\/virage.beer\/total\/wp-json\/wp\/v2\/media?parent=179"}],"wp:term":[{"taxonomy":"product_brand","embeddable":true,"href":"https:\/\/virage.beer\/total\/wp-json\/wp\/v2\/product_brand?post=179"},{"taxonomy":"product_cat","embeddable":true,"href":"https:\/\/virage.beer\/total\/wp-json\/wp\/v2\/product_cat?post=179"},{"taxonomy":"product_tag","embeddable":true,"href":"https:\/\/virage.beer\/total\/wp-json\/wp\/v2\/product_tag?post=179"}],"curies":[{"name":"wp","href":"https:\/\/api.w.org\/{rel}","templated":true}]}}