{"id":273,"date":"2020-08-21T14:52:20","date_gmt":"2020-08-21T12:52:20","guid":{"rendered":"https:\/\/virage.beer\/total\/?page_id=273"},"modified":"2021-09-17T12:53:39","modified_gmt":"2021-09-17T10:53:39","slug":"producteurs","status":"publish","type":"page","link":"https:\/\/virage.beer\/total\/producteurs\/","title":{"rendered":"Producteurs"},"content":{"rendered":"\n<p class=\"has-text-align-center\" style=\"font-size:25px\"><a href=\"http:\/\/www.eaudevie.ch\"><strong>Eau de vie<\/strong><\/a><\/p>\n\n\n\n<p><em><strong><a href=\"http:\/\/www.eaudevie.ch\/\">La Distillerie de Saconnex-d&rsquo;Arve<\/a><\/strong><\/em> distille chaque ann\u00e9e des milliers de kilos de toutes sortes de fruits, soit pour sa propre production, soit pour de nombreux particuliers qui ont l&rsquo;excellente id\u00e9e d&rsquo;entretenir ou de planter des arbres fruitiers dans leurs jardins.<\/p>\n\n\n\n<figure class=\"wp-block-image size-large\"><img loading=\"lazy\" decoding=\"async\" width=\"1024\" height=\"768\" src=\"https:\/\/virage.beer\/total\/wp-content\/uploads\/2021\/09\/P1020140-1024x768.jpg\" alt=\"\" class=\"wp-image-419\" srcset=\"https:\/\/virage.beer\/total\/wp-content\/uploads\/2021\/09\/P1020140-1024x768.jpg 1024w, https:\/\/virage.beer\/total\/wp-content\/uploads\/2021\/09\/P1020140-300x225.jpg 300w, https:\/\/virage.beer\/total\/wp-content\/uploads\/2021\/09\/P1020140-768x576.jpg 768w, https:\/\/virage.beer\/total\/wp-content\/uploads\/2021\/09\/P1020140-1536x1152.jpg 1536w, https:\/\/virage.beer\/total\/wp-content\/uploads\/2021\/09\/P1020140-2048x1536.jpg 2048w, https:\/\/virage.beer\/total\/wp-content\/uploads\/2021\/09\/P1020140-80x60.jpg 80w, https:\/\/virage.beer\/total\/wp-content\/uploads\/2021\/09\/P1020140-600x450.jpg 600w, https:\/\/virage.beer\/total\/wp-content\/uploads\/2021\/09\/P1020140-120x90.jpg 120w\" sizes=\"auto, (max-width: 1024px) 100vw, 1024px\" \/><\/figure>\n\n\n\n<div class=\"wp-block-group\"><div class=\"wp-block-group__inner-container is-layout-flow wp-block-group-is-layout-flow\">\n<div style=\"height:100px\" aria-hidden=\"true\" class=\"wp-block-spacer\"><\/div>\n<\/div><\/div>\n\n\n\n<p class=\"has-text-align-center\" style=\"font-size:25px\"><a href=\"http:\/\/www.virage.beer\/mobile\/\"><strong>Bi\u00e8res<\/strong><\/a><\/p>\n\n\n\n<p><em><strong><a href=\"https:\/\/www.virage.beer\/\">La Brasserie du Virage<\/a><\/strong><\/em>, install\u00e9e depuis 2015 dans la Distillerie de Saconnex-d&rsquo;Arve, produit \u00e0 une \u00e9chelle humaine et distribue localement pour favoriser le lien avec celles et ceux qui les boivent.<\/p>\n\n\n\n<figure class=\"wp-block-image size-large\"><img loading=\"lazy\" decoding=\"async\" width=\"1024\" height=\"683\" src=\"https:\/\/virage.beer\/total\/wp-content\/uploads\/2020\/08\/10_1-1024x683.jpg\" alt=\"\" class=\"wp-image-301\" srcset=\"https:\/\/virage.beer\/total\/wp-content\/uploads\/2020\/08\/10_1-1024x683.jpg 1024w, https:\/\/virage.beer\/total\/wp-content\/uploads\/2020\/08\/10_1-300x200.jpg 300w, https:\/\/virage.beer\/total\/wp-content\/uploads\/2020\/08\/10_1-768x512.jpg 768w, https:\/\/virage.beer\/total\/wp-content\/uploads\/2020\/08\/10_1-1536x1024.jpg 1536w, https:\/\/virage.beer\/total\/wp-content\/uploads\/2020\/08\/10_1-450x300.jpg 450w, https:\/\/virage.beer\/total\/wp-content\/uploads\/2020\/08\/10_1-90x60.jpg 90w, https:\/\/virage.beer\/total\/wp-content\/uploads\/2020\/08\/10_1-600x400.jpg 600w, https:\/\/virage.beer\/total\/wp-content\/uploads\/2020\/08\/10_1.jpg 1600w\" sizes=\"auto, (max-width: 1024px) 100vw, 1024px\" \/><\/figure>\n\n\n\n<div style=\"height:100px\" aria-hidden=\"true\" class=\"wp-block-spacer\"><\/div>\n\n\n\n<p class=\"has-text-align-center\" style=\"font-size:25px\"><a href=\"https:\/\/cave-du-rouge-gorge.ch\/\"><strong>Vins<\/strong><\/a><\/p>\n\n\n\n<p><strong><em><a href=\"https:\/\/cave-du-rouge-gorge.ch\/\">La Cave du Rouge-Gorge<\/a><\/em><\/strong> a pris son envol d\u00e9but septembre 2018 avec une vinification sans sulfites ajout\u00e9s, dans la mesure du possible, et avec des essais de fermentation alcoolique \u00e0 partir des levures sauvages.<\/p>\n\n\n\n<figure class=\"wp-block-image size-large\"><img loading=\"lazy\" decoding=\"async\" width=\"1024\" height=\"683\" src=\"https:\/\/virage.beer\/total\/wp-content\/uploads\/2020\/08\/DSCF8034-1024x683.jpg\" alt=\"\" class=\"wp-image-295\" srcset=\"https:\/\/virage.beer\/total\/wp-content\/uploads\/2020\/08\/DSCF8034-1024x683.jpg 1024w, https:\/\/virage.beer\/total\/wp-content\/uploads\/2020\/08\/DSCF8034-300x200.jpg 300w, https:\/\/virage.beer\/total\/wp-content\/uploads\/2020\/08\/DSCF8034-768x512.jpg 768w, https:\/\/virage.beer\/total\/wp-content\/uploads\/2020\/08\/DSCF8034-1536x1024.jpg 1536w, https:\/\/virage.beer\/total\/wp-content\/uploads\/2020\/08\/DSCF8034-2048x1365.jpg 2048w, https:\/\/virage.beer\/total\/wp-content\/uploads\/2020\/08\/DSCF8034-450x300.jpg 450w, https:\/\/virage.beer\/total\/wp-content\/uploads\/2020\/08\/DSCF8034-90x60.jpg 90w, https:\/\/virage.beer\/total\/wp-content\/uploads\/2020\/08\/DSCF8034-600x400.jpg 600w\" sizes=\"auto, (max-width: 1024px) 100vw, 1024px\" \/><\/figure>\n","protected":false},"excerpt":{"rendered":"<p>Eau de vie La Distillerie de Saconnex-d&rsquo;Arve distille chaque ann\u00e9e des milliers de kilos de toutes sortes de fruits, soit pour sa propre production, soit pour de nombreux particuliers qui ont l&rsquo;excellente id\u00e9e d&rsquo;entretenir ou &hellip; <\/p>\n","protected":false},"author":1,"featured_media":0,"parent":0,"menu_order":0,"comment_status":"closed","ping_status":"closed","template":"","meta":{"footnotes":""},"class_list":["post-273","page","type-page","status-publish","hentry"],"_links":{"self":[{"href":"https:\/\/virage.beer\/total\/wp-json\/wp\/v2\/pages\/273","targetHints":{"allow":["GET"]}}],"collection":[{"href":"https:\/\/virage.beer\/total\/wp-json\/wp\/v2\/pages"}],"about":[{"href":"https:\/\/virage.beer\/total\/wp-json\/wp\/v2\/types\/page"}],"author":[{"embeddable":true,"href":"https:\/\/virage.beer\/total\/wp-json\/wp\/v2\/users\/1"}],"replies":[{"embeddable":true,"href":"https:\/\/virage.beer\/total\/wp-json\/wp\/v2\/comments?post=273"}],"version-history":[{"count":12,"href":"https:\/\/virage.beer\/total\/wp-json\/wp\/v2\/pages\/273\/revisions"}],"predecessor-version":[{"id":420,"href":"https:\/\/virage.beer\/total\/wp-json\/wp\/v2\/pages\/273\/revisions\/420"}],"wp:attachment":[{"href":"https:\/\/virage.beer\/total\/wp-json\/wp\/v2\/media?parent=273"}],"curies":[{"name":"wp","href":"https:\/\/api.w.org\/{rel}","templated":true}]}}