{"id":252,"date":"2020-06-12T19:25:16","date_gmt":"2020-06-12T17:25:16","guid":{"rendered":"https:\/\/virage.beer\/total\/?page_id=252"},"modified":"2025-08-13T12:06:59","modified_gmt":"2025-08-13T10:06:59","slug":"boutique","status":"publish","type":"page","link":"https:\/\/virage.beer\/total\/boutique\/","title":{"rendered":"Boutique"},"content":{"rendered":"\n<div class=\"wp-block-woocommerce-all-products wc-block-all-products\" data-attributes=\"{&quot;alignButtons&quot;:false,&quot;columns&quot;:4,&quot;contentVisibility&quot;:{&quot;orderBy&quot;:true},&quot;isPreview&quot;:false,&quot;layoutConfig&quot;:[[&quot;woocommerce\/product-image&quot;],[&quot;woocommerce\/product-title&quot;],[&quot;woocommerce\/product-price&quot;],[&quot;woocommerce\/product-rating&quot;],[&quot;woocommerce\/product-button&quot;]],&quot;orderby&quot;:&quot;date&quot;,&quot;rows&quot;:4}\"><\/div>\n\n\n\n\n<form role=\"search\" method=\"get\" action=\"https:\/\/virage.beer\/total\/\" class=\"wp-block-search__button-outside wp-block-search__text-button wp-block-search\"    ><label class=\"wp-block-search__label\" for=\"wp-block-search__input-1\" >Recherche<\/label><div class=\"wp-block-search__inside-wrapper\" ><input class=\"wp-block-search__input\" id=\"wp-block-search__input-1\" placeholder=\"Recherche de produits\u2026\" value=\"\" type=\"search\" name=\"s\" required \/><input type=\"hidden\" name=\"post_type\" value=\"product\" \/><button aria-label=\"Recherche\" class=\"wp-block-search__button wp-element-button\" type=\"submit\" >Recherche<\/button><\/div><\/form>\n\n<div data-block-name=\"woocommerce\/product-categories\" class=\"wp-block-woocommerce-product-categories wc-block-product-categories is-list \" style=\"\"><ul class=\"wc-block-product-categories-list wc-block-product-categories-list--depth-0\">\t\t\t\t<li class=\"wc-block-product-categories-list-item\">\t\t\t\t\t<a style=\"\" href=\"https:\/\/virage.beer\/total\/categorie-produit\/brasserie\/\"><span class=\"wc-block-product-categories-list-item__name\">Brasserie<\/span><\/a><span class=\"wc-block-product-categories-list-item-count\"><span aria-hidden=\"true\">14<\/span><span class=\"screen-reader-text\">14 produits<\/span><\/span><ul class=\"wc-block-product-categories-list wc-block-product-categories-list--depth-1\">\t\t\t\t<li class=\"wc-block-product-categories-list-item\">\t\t\t\t\t<a style=\"\" href=\"https:\/\/virage.beer\/total\/categorie-produit\/brasserie\/bieres-regulieres\/\"><span class=\"wc-block-product-categories-list-item__name\">Bi\u00e8res r\u00e9guli\u00e8res<\/span><\/a><span class=\"wc-block-product-categories-list-item-count\"><span aria-hidden=\"true\">7<\/span><span class=\"screen-reader-text\">7 produits<\/span><\/span><ul class=\"wc-block-product-categories-list wc-block-product-categories-list--depth-2\">\t\t\t\t<li class=\"wc-block-product-categories-list-item\">\t\t\t\t\t<a style=\"\" href=\"https:\/\/virage.beer\/total\/categorie-produit\/brasserie\/bieres-regulieres\/33cl\/\"><span class=\"wc-block-product-categories-list-item__name\">33cl<\/span><\/a><span class=\"wc-block-product-categories-list-item-count\"><span aria-hidden=\"true\">7<\/span><span class=\"screen-reader-text\">7 produits<\/span><\/span>\t\t\t\t<\/li>\t\t\t<\/ul>\t\t\t\t<\/li>\t\t\t\t\t\t\t<li class=\"wc-block-product-categories-list-item\">\t\t\t\t\t<a style=\"\" href=\"https:\/\/virage.beer\/total\/categorie-produit\/brasserie\/bieres-speciales\/\"><span class=\"wc-block-product-categories-list-item__name\">Bi\u00e8res sp\u00e9ciales<\/span><\/a><span class=\"wc-block-product-categories-list-item-count\"><span aria-hidden=\"true\">7<\/span><span class=\"screen-reader-text\">7 produits<\/span><\/span><ul class=\"wc-block-product-categories-list wc-block-product-categories-list--depth-2\">\t\t\t\t<li class=\"wc-block-product-categories-list-item\">\t\t\t\t\t<a style=\"\" href=\"https:\/\/virage.beer\/total\/categorie-produit\/brasserie\/bieres-speciales\/33cl-bieres-speciales\/\"><span class=\"wc-block-product-categories-list-item__name\">33cl<\/span><\/a><span class=\"wc-block-product-categories-list-item-count\"><span aria-hidden=\"true\">7<\/span><span class=\"screen-reader-text\">7 produits<\/span><\/span>\t\t\t\t<\/li>\t\t\t<\/ul>\t\t\t\t<\/li>\t\t\t<\/ul>\t\t\t\t<\/li>\t\t\t\t\t\t\t<li class=\"wc-block-product-categories-list-item\">\t\t\t\t\t<a style=\"\" href=\"https:\/\/virage.beer\/total\/categorie-produit\/vin\/\"><span class=\"wc-block-product-categories-list-item__name\">Cave<\/span><\/a><span class=\"wc-block-product-categories-list-item-count\"><span aria-hidden=\"true\">9<\/span><span class=\"screen-reader-text\">9 produits<\/span><\/span>\t\t\t\t<\/li>\t\t\t\t\t\t\t<li class=\"wc-block-product-categories-list-item\">\t\t\t\t\t<a style=\"\" href=\"https:\/\/virage.beer\/total\/categorie-produit\/distillerie\/\"><span class=\"wc-block-product-categories-list-item__name\">Distillerie<\/span><\/a><span class=\"wc-block-product-categories-list-item-count\"><span aria-hidden=\"true\">28<\/span><span class=\"screen-reader-text\">28 produits<\/span><\/span><ul class=\"wc-block-product-categories-list wc-block-product-categories-list--depth-1\">\t\t\t\t<li class=\"wc-block-product-categories-list-item\">\t\t\t\t\t<a style=\"\" href=\"https:\/\/virage.beer\/total\/categorie-produit\/distillerie\/10cl\/\"><span class=\"wc-block-product-categories-list-item__name\">10cl<\/span><\/a><span class=\"wc-block-product-categories-list-item-count\"><span aria-hidden=\"true\">1<\/span><span class=\"screen-reader-text\">1 produit<\/span><\/span>\t\t\t\t<\/li>\t\t\t\t\t\t\t<li class=\"wc-block-product-categories-list-item\">\t\t\t\t\t<a style=\"\" href=\"https:\/\/virage.beer\/total\/categorie-produit\/distillerie\/37-5cl\/\"><span class=\"wc-block-product-categories-list-item__name\">37.5cl<\/span><\/a><span class=\"wc-block-product-categories-list-item-count\"><span aria-hidden=\"true\">2<\/span><span class=\"screen-reader-text\">2 produits<\/span><\/span>\t\t\t\t<\/li>\t\t\t\t\t\t\t<li class=\"wc-block-product-categories-list-item\">\t\t\t\t\t<a style=\"\" href=\"https:\/\/virage.beer\/total\/categorie-produit\/distillerie\/50cl\/\"><span class=\"wc-block-product-categories-list-item__name\">50cl<\/span><\/a><span class=\"wc-block-product-categories-list-item-count\"><span aria-hidden=\"true\">18<\/span><span class=\"screen-reader-text\">18 produits<\/span><\/span>\t\t\t\t<\/li>\t\t\t\t\t\t\t<li class=\"wc-block-product-categories-list-item\">\t\t\t\t\t<a style=\"\" href=\"https:\/\/virage.beer\/total\/categorie-produit\/distillerie\/70cl\/\"><span class=\"wc-block-product-categories-list-item__name\">70cl<\/span><\/a><span class=\"wc-block-product-categories-list-item-count\"><span aria-hidden=\"true\">7<\/span><span class=\"screen-reader-text\">7 produits<\/span><\/span>\t\t\t\t<\/li>\t\t\t\t\t\t\t<li class=\"wc-block-product-categories-list-item\">\t\t\t\t\t<a style=\"\" href=\"https:\/\/virage.beer\/total\/categorie-produit\/distillerie\/gin\/\"><span class=\"wc-block-product-categories-list-item__name\">gin<\/span><\/a><span class=\"wc-block-product-categories-list-item-count\"><span aria-hidden=\"true\">2<\/span><span class=\"screen-reader-text\">2 produits<\/span><\/span>\t\t\t\t<\/li>\t\t\t\t\t\t\t<li class=\"wc-block-product-categories-list-item\">\t\t\t\t\t<a style=\"\" href=\"https:\/\/virage.beer\/total\/categorie-produit\/distillerie\/noyau\/\"><span class=\"wc-block-product-categories-list-item__name\">noyau<\/span><\/a><span class=\"wc-block-product-categories-list-item-count\"><span aria-hidden=\"true\">9<\/span><span class=\"screen-reader-text\">9 produits<\/span><\/span>\t\t\t\t<\/li>\t\t\t\t\t\t\t<li class=\"wc-block-product-categories-list-item\">\t\t\t\t\t<a style=\"\" href=\"https:\/\/virage.beer\/total\/categorie-produit\/distillerie\/pepin\/\"><span class=\"wc-block-product-categories-list-item__name\">p\u00e9pin<\/span><\/a><span class=\"wc-block-product-categories-list-item-count\"><span aria-hidden=\"true\">10<\/span><span class=\"screen-reader-text\">10 produits<\/span><\/span>\t\t\t\t<\/li>\t\t\t\t\t\t\t<li class=\"wc-block-product-categories-list-item\">\t\t\t\t\t<a style=\"\" href=\"https:\/\/virage.beer\/total\/categorie-produit\/distillerie\/petit-fruit\/\"><span class=\"wc-block-product-categories-list-item__name\">petit fruit<\/span><\/a><span class=\"wc-block-product-categories-list-item-count\"><span aria-hidden=\"true\">1<\/span><span class=\"screen-reader-text\">1 produit<\/span><\/span>\t\t\t\t<\/li>\t\t\t\t\t\t\t<li class=\"wc-block-product-categories-list-item\">\t\t\t\t\t<a style=\"\" href=\"https:\/\/virage.beer\/total\/categorie-produit\/distillerie\/raisin\/\"><span class=\"wc-block-product-categories-list-item__name\">raisin<\/span><\/a><span class=\"wc-block-product-categories-list-item-count\"><span aria-hidden=\"true\">5<\/span><span class=\"screen-reader-text\">5 produits<\/span><\/span>\t\t\t\t<\/li>\t\t\t<\/ul>\t\t\t\t<\/li>\t\t\t<\/ul><\/div>","protected":false},"excerpt":{"rendered":"","protected":false},"author":1,"featured_media":0,"parent":0,"menu_order":0,"comment_status":"closed","ping_status":"closed","template":"","meta":{"footnotes":""},"class_list":["post-252","page","type-page","status-publish","hentry"],"_links":{"self":[{"href":"https:\/\/virage.beer\/total\/wp-json\/wp\/v2\/pages\/252","targetHints":{"allow":["GET"]}}],"collection":[{"href":"https:\/\/virage.beer\/total\/wp-json\/wp\/v2\/pages"}],"about":[{"href":"https:\/\/virage.beer\/total\/wp-json\/wp\/v2\/types\/page"}],"author":[{"embeddable":true,"href":"https:\/\/virage.beer\/total\/wp-json\/wp\/v2\/users\/1"}],"replies":[{"embeddable":true,"href":"https:\/\/virage.beer\/total\/wp-json\/wp\/v2\/comments?post=252"}],"version-history":[{"count":9,"href":"https:\/\/virage.beer\/total\/wp-json\/wp\/v2\/pages\/252\/revisions"}],"predecessor-version":[{"id":786,"href":"https:\/\/virage.beer\/total\/wp-json\/wp\/v2\/pages\/252\/revisions\/786"}],"wp:attachment":[{"href":"https:\/\/virage.beer\/total\/wp-json\/wp\/v2\/media?parent=252"}],"curies":[{"name":"wp","href":"https:\/\/api.w.org\/{rel}","templated":true}]}}