{"id":135,"date":"2020-05-20T14:55:22","date_gmt":"2020-05-20T12:55:22","guid":{"rendered":"https:\/\/virage.beer\/total\/?page_id=135"},"modified":"2024-12-20T14:10:48","modified_gmt":"2024-12-20T13:10:48","slug":"infos-livraison","status":"publish","type":"page","link":"https:\/\/virage.beer\/total\/infos-livraison\/","title":{"rendered":"Infos livraison"},"content":{"rendered":"\n<p>Bonjour,<\/p>\n\n\n\n<p>Notre service de livraison \u00e0 domicile est \u00e0 nouveau disponible depuis le 1er octobre 2021 !<\/p>\n\n\n\n<p>Quelques informations importantes : <\/p>\n\n\n\n<ul class=\"wp-block-list\"><li><em>Les livraisons s&rsquo;effectuent g\u00e9n\u00e9ralement entre le jeudi et le vendredi. <\/em><\/li><\/ul>\n\n\n\n<ul class=\"wp-block-list\"><li><em>Nous enregistrons vos commandes jusqu&rsquo;au mercredi 12h. Pass\u00e9 ce d\u00e9lai vous serez livr\u00e9-e la semaine suivante<\/em>.<\/li><\/ul>\n\n\n\n<ul class=\"wp-block-list\"><li><em>Le prix d&rsquo;une livraison est de 15.- par commande. <\/em><\/li><\/ul>\n\n\n\n<ul class=\"wp-block-list\"><li><em>Les commandes sont possibles dans toute la Suisse<\/em>.  <\/li><\/ul>\n\n\n\n<ul class=\"wp-block-list\"><li><strong><em>IMPORTANT<\/em><\/strong> :<em> lors de la livraison, si personne ne se trouve sur place, le livreur d\u00e9posera la marchandise devant votre porte, \u00e0 un-e voisin-e ou dans une arcade selon votre d\u00e9sir. N&rsquo;oubliez donc pas de nous indiquer toutes les informations pratiques qui nous permettront de vous livrer dans les meilleures conditions. <\/em><\/li><\/ul>\n\n\n\n<p><\/p>\n","protected":false},"excerpt":{"rendered":"<p>Bonjour, Notre service de livraison \u00e0 domicile est \u00e0 nouveau disponible depuis le 1er octobre 2021 ! Quelques informations importantes : Les livraisons s&rsquo;effectuent g\u00e9n\u00e9ralement entre le jeudi et le vendredi. Nous enregistrons vos commandes &hellip; <\/p>\n","protected":false},"author":1,"featured_media":0,"parent":0,"menu_order":0,"comment_status":"closed","ping_status":"closed","template":"","meta":{"footnotes":""},"class_list":["post-135","page","type-page","status-publish","hentry"],"_links":{"self":[{"href":"https:\/\/virage.beer\/total\/wp-json\/wp\/v2\/pages\/135","targetHints":{"allow":["GET"]}}],"collection":[{"href":"https:\/\/virage.beer\/total\/wp-json\/wp\/v2\/pages"}],"about":[{"href":"https:\/\/virage.beer\/total\/wp-json\/wp\/v2\/types\/page"}],"author":[{"embeddable":true,"href":"https:\/\/virage.beer\/total\/wp-json\/wp\/v2\/users\/1"}],"replies":[{"embeddable":true,"href":"https:\/\/virage.beer\/total\/wp-json\/wp\/v2\/comments?post=135"}],"version-history":[{"count":16,"href":"https:\/\/virage.beer\/total\/wp-json\/wp\/v2\/pages\/135\/revisions"}],"predecessor-version":[{"id":700,"href":"https:\/\/virage.beer\/total\/wp-json\/wp\/v2\/pages\/135\/revisions\/700"}],"wp:attachment":[{"href":"https:\/\/virage.beer\/total\/wp-json\/wp\/v2\/media?parent=135"}],"curies":[{"name":"wp","href":"https:\/\/api.w.org\/{rel}","templated":true}]}}